{"id":1049,"date":"2021-03-12T12:38:23","date_gmt":"2021-03-12T11:38:23","guid":{"rendered":"https:\/\/ecolelucamoura2.ddec.nc\/?page_id=1049"},"modified":"2021-03-12T12:43:05","modified_gmt":"2021-03-12T11:43:05","slug":"naissance-de-lecole","status":"publish","type":"page","link":"https:\/\/ecolelucamoura2.ddec.nc\/index.php\/naissance-de-lecole\/","title":{"rendered":"Naissance de l&rsquo;\u00e9cole"},"content":{"rendered":"\t\t<div data-elementor-type=\"wp-page\" data-elementor-id=\"1049\" class=\"elementor elementor-1049\" data-elementor-post-type=\"page\">\n\t\t\t\t\t\t<section class=\"elementor-section elementor-top-section elementor-element elementor-element-84f4afb elementor-section-boxed elementor-section-height-default elementor-section-height-default\" data-id=\"84f4afb\" data-element_type=\"section\" data-e-type=\"section\">\n\t\t\t\t\t\t<div class=\"elementor-container elementor-column-gap-default\">\n\t\t\t\t\t<div class=\"elementor-column elementor-col-100 elementor-top-column elementor-element elementor-element-e5c2468\" data-id=\"e5c2468\" data-element_type=\"column\" data-e-type=\"column\">\n\t\t\t<div class=\"elementor-widget-wrap elementor-element-populated\">\n\t\t\t\t\t\t<div class=\"elementor-element elementor-element-42a8e44 elementor-widget elementor-widget-text-editor\" data-id=\"42a8e44\" data-element_type=\"widget\" data-e-type=\"widget\" data-widget_type=\"text-editor.default\">\n\t\t\t\t<div class=\"elementor-widget-container\">\n\t\t\t\t\t\t\t\t\t<p>En 1967, l\u2019\u00e9cole mixte de la paroisse du Sacr\u00e9-Coeur fond\u00e9e en 1960 \u00ab\u00a0Notre Dame de l\u2019Esp\u00e9rance\u00a0\u00bb dont les effectifs ne cessent d\u2019augmenter, envoya ses classes de gar\u00e7on dans les locaux de Sainte Marie et de Saint L\u00e9on puis fut d\u00e9cid\u00e9e la construction d\u2019une nouvelle \u00e9cole qui permettrait ainsi de rassembler toutes les classes du primaire et les classes enfantines ouvertes elles en 1969.<br class=\"autobr\" \/>Ce fut fait au cours de l\u2019ann\u00e9e de 1972 ainsi la rentr\u00e9e scolaire de 1973 se fit dans une \u00e9cole flambant neuve de seize divisions. Les ann\u00e9es 70 connurent \u00e9galement un boom \u00e9conomique appel\u00e9 aussi boom du nickel et et les courbes d\u00e9mographiques allaient croissantes. Ainsi, en 1975 trois salles suppl\u00e9mentaires furent construites pr\u00e8s du foyer Saint L\u00e9on pour y accueillir les classes enfantines dont les effectifs ne cessaient de cro\u00eetre. Ces trois classes compl\u00e8tement d\u00e9tach\u00e9es g\u00e9ographiquement du primaire constituent la base de ce qui deviendra avec la construction en 1979 de trois autres divisions\u00a0: l\u2019\u00e9cole maternelle Luc Amoura.<br class=\"autobr\" \/>D\u00e8s mars 1973, la nouvelle \u00e9cole portait le nom de Luc Amoura.<br class=\"autobr\" \/>Plus tard, la population s\u2019accro\u00eet \u00e0 Pa\u00efta et on d\u00e9cide en 2002 de cr\u00e9er une \u00e9cole maternelle et primaire au Mont Mou pour d\u00e9sengorger le flux des \u00e9l\u00e8ves. Ainsi, l\u2019\u00e9cole Luc Amoura Mont Mou voit le jour.<\/p>\t\t\t\t\t\t\t\t<\/div>\n\t\t\t\t<\/div>\n\t\t\t\t<div class=\"elementor-element elementor-element-81cddf2 elementor-widget elementor-widget-google_maps\" data-id=\"81cddf2\" data-element_type=\"widget\" data-e-type=\"widget\" data-widget_type=\"google_maps.default\">\n\t\t\t\t<div class=\"elementor-widget-container\">\n\t\t\t\t\t\t\t<div class=\"elementor-custom-embed\">\n\t\t\t<iframe loading=\"lazy\"\n\t\t\t\t\tsrc=\"https:\/\/maps.google.com\/maps?q=Ecole%20Luc%20Amoura%202&#038;t=m&#038;z=17&#038;output=embed&#038;iwloc=near\"\n\t\t\t\t\ttitle=\"Ecole Luc Amoura 2\"\n\t\t\t\t\taria-label=\"Ecole Luc Amoura 2\"\n\t\t\t><\/iframe>\n\t\t<\/div>\n\t\t\t\t\t\t<\/div>\n\t\t\t\t<\/div>\n\t\t\t\t\t<\/div>\n\t\t<\/div>\n\t\t\t\t\t<\/div>\n\t\t<\/section>\n\t\t\t\t<\/div>\n\t\t","protected":false},"excerpt":{"rendered":"<p>En 1967, l\u2019\u00e9cole mixte de la paroisse du Sacr\u00e9-Coeur fond\u00e9e en 1960 \u00ab\u00a0Notre Dame de l\u2019Esp\u00e9rance\u00a0\u00bb dont les effectifs ne cessent d\u2019augmenter, envoya ses classes de gar\u00e7on dans les locaux de Sainte Marie et de Saint L\u00e9on puis fut d\u00e9cid\u00e9e la construction d\u2019une nouvelle \u00e9cole qui permettrait ainsi de rassembler toutes les classes du primaire [&hellip;]<\/p>\n","protected":false},"author":5,"featured_media":0,"parent":0,"menu_order":0,"comment_status":"closed","ping_status":"closed","template":"","meta":{"footnotes":""},"class_list":["post-1049","page","type-page","status-publish","hentry"],"_links":{"self":[{"href":"https:\/\/ecolelucamoura2.ddec.nc\/index.php\/wp-json\/wp\/v2\/pages\/1049","targetHints":{"allow":["GET"]}}],"collection":[{"href":"https:\/\/ecolelucamoura2.ddec.nc\/index.php\/wp-json\/wp\/v2\/pages"}],"about":[{"href":"https:\/\/ecolelucamoura2.ddec.nc\/index.php\/wp-json\/wp\/v2\/types\/page"}],"author":[{"embeddable":true,"href":"https:\/\/ecolelucamoura2.ddec.nc\/index.php\/wp-json\/wp\/v2\/users\/5"}],"replies":[{"embeddable":true,"href":"https:\/\/ecolelucamoura2.ddec.nc\/index.php\/wp-json\/wp\/v2\/comments?post=1049"}],"version-history":[{"count":6,"href":"https:\/\/ecolelucamoura2.ddec.nc\/index.php\/wp-json\/wp\/v2\/pages\/1049\/revisions"}],"predecessor-version":[{"id":1055,"href":"https:\/\/ecolelucamoura2.ddec.nc\/index.php\/wp-json\/wp\/v2\/pages\/1049\/revisions\/1055"}],"wp:attachment":[{"href":"https:\/\/ecolelucamoura2.ddec.nc\/index.php\/wp-json\/wp\/v2\/media?parent=1049"}],"curies":[{"name":"wp","href":"https:\/\/api.w.org\/{rel}","templated":true}]}}