{"id":1057,"date":"2021-03-12T12:48:22","date_gmt":"2021-03-12T11:48:22","guid":{"rendered":"https:\/\/ecolelucamoura2.ddec.nc\/?page_id=1057"},"modified":"2024-05-25T03:41:32","modified_gmt":"2024-05-25T01:41:32","slug":"echopastoral","status":"publish","type":"page","link":"https:\/\/ecolelucamoura2.ddec.nc\/index.php\/echopastoral\/","title":{"rendered":"Echo Pastoral"},"content":{"rendered":"\t\t<div data-elementor-type=\"wp-page\" data-elementor-id=\"1057\" class=\"elementor elementor-1057\" data-elementor-post-type=\"page\">\n\t\t\t\t\t\t<section class=\"elementor-section elementor-top-section elementor-element elementor-element-0102ad1 elementor-section-boxed elementor-section-height-default elementor-section-height-default\" data-id=\"0102ad1\" data-element_type=\"section\" data-e-type=\"section\">\n\t\t\t\t\t\t<div class=\"elementor-container elementor-column-gap-default\">\n\t\t\t\t\t<div class=\"elementor-column elementor-col-100 elementor-top-column elementor-element elementor-element-e9ead05\" data-id=\"e9ead05\" data-element_type=\"column\" data-e-type=\"column\">\n\t\t\t<div class=\"elementor-widget-wrap elementor-element-populated\">\n\t\t\t\t\t\t<div class=\"elementor-element elementor-element-af31dc6 elementor-widget elementor-widget-heading\" data-id=\"af31dc6\" data-element_type=\"widget\" data-e-type=\"widget\" data-widget_type=\"heading.default\">\n\t\t\t\t<div class=\"elementor-widget-container\">\n\t\t\t\t\t<h2 class=\"elementor-heading-title elementor-size-default\">En union avec J\u00e9sus<\/h2>\t\t\t\t<\/div>\n\t\t\t\t<\/div>\n\t\t\t\t\t<\/div>\n\t\t<\/div>\n\t\t\t\t\t<\/div>\n\t\t<\/section>\n\t\t\t\t<section class=\"elementor-section elementor-top-section elementor-element elementor-element-555b6c5 elementor-section-boxed elementor-section-height-default elementor-section-height-default\" data-id=\"555b6c5\" data-element_type=\"section\" data-e-type=\"section\">\n\t\t\t\t\t\t<div class=\"elementor-container elementor-column-gap-default\">\n\t\t\t\t\t<div class=\"elementor-column elementor-col-100 elementor-top-column elementor-element elementor-element-b9a8a54\" data-id=\"b9a8a54\" data-element_type=\"column\" data-e-type=\"column\">\n\t\t\t<div class=\"elementor-widget-wrap elementor-element-populated\">\n\t\t\t\t\t\t<div class=\"elementor-element elementor-element-de528a6 elementor-widget elementor-widget-text-editor\" data-id=\"de528a6\" data-element_type=\"widget\" data-e-type=\"widget\" data-widget_type=\"text-editor.default\">\n\t\t\t\t<div class=\"elementor-widget-container\">\n\t\t\t\t\t\t\t\t\t<div dir=\"auto\">Chers parents,<\/div><div dir=\"auto\">En cette p\u00e9riode difficile que traverse notre pays, invoquons le Seigneur avec nos c\u0153urs sinc\u00e8res pour le retour de la paix. La pri\u00e8re est une arme puissante dans l&rsquo;adversit\u00e9.<\/div><div dir=\"auto\">Prenez soin de vous, de vos familles et de nos enfants <span class=\"html-span xexx8yu x4uap5 x18d9i69 xkhd6sd x1hl2dhg x16tdsg8 x1vvkbs x3nfvp2 x1j61x8r x1fcty0u xdj266r xhhsvwb xat24cr xgzva0m xxymvpz xlup9mm x1kky2od\"><img decoding=\"async\" class=\"xz74otr\" src=\"https:\/\/static.xx.fbcdn.net\/images\/emoji.php\/v9\/t6c\/1\/16\/2764.png\" alt=\"\u2764\ufe0f\" width=\"16\" height=\"16\" \/><\/span><\/div>\t\t\t\t\t\t\t\t<\/div>\n\t\t\t\t<\/div>\n\t\t\t\t\t<\/div>\n\t\t<\/div>\n\t\t\t\t\t<\/div>\n\t\t<\/section>\n\t\t\t\t<section class=\"elementor-section elementor-top-section elementor-element elementor-element-6a8c1a7 elementor-section-boxed elementor-section-height-default elementor-section-height-default\" data-id=\"6a8c1a7\" data-element_type=\"section\" data-e-type=\"section\">\n\t\t\t\t\t\t<div class=\"elementor-container elementor-column-gap-default\">\n\t\t\t\t\t<div class=\"elementor-column elementor-col-100 elementor-top-column elementor-element elementor-element-226a398\" data-id=\"226a398\" data-element_type=\"column\" data-e-type=\"column\">\n\t\t\t<div class=\"elementor-widget-wrap elementor-element-populated\">\n\t\t\t\t\t\t<div class=\"elementor-element elementor-element-506cb78 elementor-widget elementor-widget-image\" data-id=\"506cb78\" data-element_type=\"widget\" data-e-type=\"widget\" data-widget_type=\"image.default\">\n\t\t\t\t<div class=\"elementor-widget-container\">\n\t\t\t\t\t\t\t\t\t\t\t\t\t\t\t<img fetchpriority=\"high\" decoding=\"async\" width=\"711\" height=\"1024\" src=\"https:\/\/ecolelucamoura2.ddec.nc\/wp-content\/uploads\/2024\/05\/priere-de-paix-711x1024.jpg\" class=\"attachment-large size-large wp-image-5781\" alt=\"\" srcset=\"https:\/\/ecolelucamoura2.ddec.nc\/wp-content\/uploads\/2024\/05\/priere-de-paix-711x1024.jpg 711w, https:\/\/ecolelucamoura2.ddec.nc\/wp-content\/uploads\/2024\/05\/priere-de-paix-208x300.jpg 208w, https:\/\/ecolelucamoura2.ddec.nc\/wp-content\/uploads\/2024\/05\/priere-de-paix-768x1106.jpg 768w, https:\/\/ecolelucamoura2.ddec.nc\/wp-content\/uploads\/2024\/05\/priere-de-paix.jpg 937w\" sizes=\"(max-width: 711px) 100vw, 711px\" \/>\t\t\t\t\t\t\t\t\t\t\t\t\t\t\t<\/div>\n\t\t\t\t<\/div>\n\t\t\t\t\t<\/div>\n\t\t<\/div>\n\t\t\t\t\t<\/div>\n\t\t<\/section>\n\t\t\t\t<\/div>\n\t\t","protected":false},"excerpt":{"rendered":"<p>En union avec J\u00e9sus Chers parents,En cette p\u00e9riode difficile que traverse notre pays, invoquons le Seigneur avec nos c\u0153urs sinc\u00e8res pour le retour de la paix. La pri\u00e8re est une arme puissante dans l&rsquo;adversit\u00e9.Prenez soin de vous, de vos familles et de nos enfants<\/p>\n","protected":false},"author":5,"featured_media":0,"parent":0,"menu_order":0,"comment_status":"closed","ping_status":"closed","template":"","meta":{"footnotes":""},"class_list":["post-1057","page","type-page","status-publish","hentry"],"_links":{"self":[{"href":"https:\/\/ecolelucamoura2.ddec.nc\/index.php\/wp-json\/wp\/v2\/pages\/1057","targetHints":{"allow":["GET"]}}],"collection":[{"href":"https:\/\/ecolelucamoura2.ddec.nc\/index.php\/wp-json\/wp\/v2\/pages"}],"about":[{"href":"https:\/\/ecolelucamoura2.ddec.nc\/index.php\/wp-json\/wp\/v2\/types\/page"}],"author":[{"embeddable":true,"href":"https:\/\/ecolelucamoura2.ddec.nc\/index.php\/wp-json\/wp\/v2\/users\/5"}],"replies":[{"embeddable":true,"href":"https:\/\/ecolelucamoura2.ddec.nc\/index.php\/wp-json\/wp\/v2\/comments?post=1057"}],"version-history":[{"count":19,"href":"https:\/\/ecolelucamoura2.ddec.nc\/index.php\/wp-json\/wp\/v2\/pages\/1057\/revisions"}],"predecessor-version":[{"id":5785,"href":"https:\/\/ecolelucamoura2.ddec.nc\/index.php\/wp-json\/wp\/v2\/pages\/1057\/revisions\/5785"}],"wp:attachment":[{"href":"https:\/\/ecolelucamoura2.ddec.nc\/index.php\/wp-json\/wp\/v2\/media?parent=1057"}],"curies":[{"name":"wp","href":"https:\/\/api.w.org\/{rel}","templated":true}]}}