{"id":1283,"date":"2021-03-14T12:53:47","date_gmt":"2021-03-14T11:53:47","guid":{"rendered":"https:\/\/ecolelucamoura2.ddec.nc\/?page_id=1283"},"modified":"2024-06-25T09:07:21","modified_gmt":"2024-06-25T07:07:21","slug":"cycle-3","status":"publish","type":"page","link":"https:\/\/ecolelucamoura2.ddec.nc\/index.php\/cycle-3\/","title":{"rendered":"CYCLE 3"},"content":{"rendered":"\t\t<div data-elementor-type=\"wp-page\" data-elementor-id=\"1283\" class=\"elementor elementor-1283\" data-elementor-post-type=\"page\">\n\t\t\t\t\t\t<section class=\"elementor-section elementor-top-section elementor-element elementor-element-3a5a458 elementor-section-boxed elementor-section-height-default elementor-section-height-default\" data-id=\"3a5a458\" data-element_type=\"section\" data-e-type=\"section\" data-settings=\"{&quot;background_background&quot;:&quot;gradient&quot;}\">\n\t\t\t\t\t\t<div class=\"elementor-container elementor-column-gap-default\">\n\t\t\t\t\t<div class=\"elementor-column elementor-col-100 elementor-top-column elementor-element elementor-element-13bc2d0\" data-id=\"13bc2d0\" data-element_type=\"column\" data-e-type=\"column\">\n\t\t\t<div class=\"elementor-widget-wrap elementor-element-populated\">\n\t\t\t\t\t\t<div class=\"elementor-element elementor-element-da403ec elementor-headline--style-highlight elementor-widget elementor-widget-animated-headline\" data-id=\"da403ec\" data-element_type=\"widget\" data-e-type=\"widget\" data-settings=\"{&quot;marker&quot;:&quot;double_underline&quot;,&quot;highlighted_text&quot;:&quot;CM1&quot;,&quot;headline_style&quot;:&quot;highlight&quot;,&quot;loop&quot;:&quot;yes&quot;,&quot;highlight_animation_duration&quot;:1200,&quot;highlight_iteration_delay&quot;:8000}\" data-widget_type=\"animated-headline.default\">\n\t\t\t\t<div class=\"elementor-widget-container\">\n\t\t\t\t\t\t\t<h3 class=\"elementor-headline\">\n\t\t\t\t<span class=\"elementor-headline-dynamic-wrapper elementor-headline-text-wrapper\">\n\t\t\t\t\t<span class=\"elementor-headline-dynamic-text elementor-headline-text-active\">CM1<\/span>\n\t\t\t\t<\/span>\n\t\t\t\t<\/h3>\n\t\t\t\t\t\t<\/div>\n\t\t\t\t<\/div>\n\t\t\t\t<div class=\"elementor-element elementor-element-130e3dc elementor-widget elementor-widget-text-editor\" data-id=\"130e3dc\" data-element_type=\"widget\" data-e-type=\"widget\" data-widget_type=\"text-editor.default\">\n\t\t\t\t<div class=\"elementor-widget-container\">\n\t\t\t\t\t\t\t\t\t<div id=\":pj\" class=\"ii gt\"><div id=\":pk\" class=\"a3s aiL \"><div dir=\"auto\"><em><strong>Voici quelques activit\u00e9s qui peuvent aider votre enfant \u00e0 traverser cette p\u00e9riode :<\/strong><\/em><\/div><div dir=\"auto\">\u00a0<\/div><div dir=\"auto\">\u00c9crire quotidiennement son ressenti, son v\u00e9cu du jour, un fait ou une r\u00e9flexion, accompagn\u00e9 d\u2019une illustration. Cela peut se faire sur son agenda (r\u00e9cit journalier)<\/div><div dir=\"auto\">\u00a0<\/div><p>En rituel<\/p><div dir=\"auto\">&#8211; les probl\u00e8mes<\/div><div dir=\"auto\">&#8211; la lecture\u00a0<\/div><div dir=\"auto\">\u00a0<\/div><div dir=\"auto\">Ou des petites cartes rituels qui proposent du fran\u00e7ais et des maths<\/div><div dir=\"auto\">-Mes petits rituels\u00a0<\/div><div dir=\"auto\">\u00a0<\/div><div dir=\"auto\">Des fiches pour s\u2019entra\u00eener sur les notions d\u00e9j\u00e0 vu en classe<\/div><div dir=\"auto\">&#8211; Infinitif \/ groupes : LES VERBES<\/div><div dir=\"auto\">-Carte rituel : sujet &#8211; verbe<\/div><div dir=\"auto\">&#8211; Fichier conjugaison : ne faire que le VERBE, LE PR\u00c9SENT de L\u2019INDICATIF et L\u2019IMPARFAIT 1er et 2eme groupe<\/div><div dir=\"auto\">&#8211; Les types de phrases<\/div><div dir=\"auto\">&#8211; Les familles de mots<\/div><div dir=\"auto\">\u00a0<\/div><div dir=\"auto\">&#8211; Les droites perpendiculaires (\u00e9querre n\u00e9cessaire)<\/div><div dir=\"auto\">-Num\u00e9ration jusqu\u2019au millions<\/div><div dir=\"auto\">&#8211; La multiplication \u00e0 2 chiffres\u00a0<\/div><div dir=\"auto\">\u00a0<\/div><div dir=\"auto\">Attention pour ceux qui peuvent imprimer \u00e0 ne pas faire de doublons (fichiers Classe Bleue) ou de n\u2019imprimer que les notions concern\u00e9s comme dans le fichier de conjugaison.<\/div><\/div><\/div><div dir=\"auto\">\u00a0<\/div><div dir=\"auto\">Une pens\u00e9e forte et tendre \u00e0 vous les enfants et les familles<\/div><div dir=\"auto\"><strong><em>Les ma\u00eetresses de CM1<\/em><\/strong><\/div><div id=\":qa\" class=\"hq gt\">\u00a0<\/div>\t\t\t\t\t\t\t\t<\/div>\n\t\t\t\t<\/div>\n\t\t\t\t<div class=\"elementor-element elementor-element-25c5e83 elementor-widget elementor-widget-text-editor\" data-id=\"25c5e83\" data-element_type=\"widget\" data-e-type=\"widget\" data-widget_type=\"text-editor.default\">\n\t\t\t\t<div class=\"elementor-widget-container\">\n\t\t\t\t\t\t\t\t\t<p style=\"text-align: center;\"><strong>Cliquez ici<\/strong><\/p>\t\t\t\t\t\t\t\t<\/div>\n\t\t\t\t<\/div>\n\t\t\t\t<div class=\"elementor-element elementor-element-1514f1d elementor-view-default elementor-widget elementor-widget-icon\" data-id=\"1514f1d\" data-element_type=\"widget\" data-e-type=\"widget\" data-widget_type=\"icon.default\">\n\t\t\t\t<div class=\"elementor-widget-container\">\n\t\t\t\t\t\t\t<div class=\"elementor-icon-wrapper\">\n\t\t\t<a class=\"elementor-icon\" href=\"https:\/\/drive.google.com\/file\/d\/1LlEEp0ZOoU_kQPOVfHz81Z0Nwg2J1xlI\/view?usp=drive_link\">\n\t\t\t<i aria-hidden=\"true\" class=\"far fa-file-pdf\"><\/i>\t\t\t<\/a>\n\t\t<\/div>\n\t\t\t\t\t\t<\/div>\n\t\t\t\t<\/div>\n\t\t\t\t<div class=\"elementor-element elementor-element-8e81433 elementor-view-default elementor-widget elementor-widget-icon\" data-id=\"8e81433\" data-element_type=\"widget\" data-e-type=\"widget\" data-widget_type=\"icon.default\">\n\t\t\t\t<div class=\"elementor-widget-container\">\n\t\t\t\t\t\t\t<div class=\"elementor-icon-wrapper\">\n\t\t\t<a class=\"elementor-icon\" href=\"https:\/\/drive.google.com\/drive\/folders\/1r3P9GISO1ugMr5GddEbX-Tlvip-Q6GnY?usp=drive_link\">\n\t\t\t<i aria-hidden=\"true\" class=\"far fa-file-pdf\"><\/i>\t\t\t<\/a>\n\t\t<\/div>\n\t\t\t\t\t\t<\/div>\n\t\t\t\t<\/div>\n\t\t\t\t<div class=\"elementor-element elementor-element-1366be2 elementor-widget-divider--view-line_icon elementor-widget-divider--separator-type-pattern elementor-widget-divider--no-spacing elementor-view-default elementor-widget-divider--element-align-center elementor-widget elementor-widget-divider\" data-id=\"1366be2\" data-element_type=\"widget\" data-e-type=\"widget\" data-widget_type=\"divider.default\">\n\t\t\t\t<div class=\"elementor-widget-container\">\n\t\t\t\t\t\t\t<div class=\"elementor-divider\" style=\"--divider-pattern-url: url(&quot;data:image\/svg+xml,%3Csvg xmlns=&#039;http:\/\/www.w3.org\/2000\/svg&#039; preserveAspectRatio=&#039;xMidYMid meet&#039; overflow=&#039;visible&#039; height=&#039;100%&#039; viewBox=&#039;0 0 126 26&#039; fill=&#039;black&#039; stroke=&#039;none&#039;%3E%3Cpath d=&#039;M3,10.2c2.6,0,2.6,2,2.6,3.2S4.4,16.5,3,16.5s-3-1.4-3-3.2S0.4,10.2,3,10.2z M18.8,10.2c1.7,0,3.2,1.4,3.2,3.2s-1.4,3.2-3.2,3.2c-1.7,0-3.2-1.4-3.2-3.2S17,10.2,18.8,10.2z M34.6,10.2c1.5,0,2.6,1.4,2.6,3.2s-0.5,3.2-1.9,3.2c-1.5,0-3.4-1.4-3.4-3.2S33.1,10.2,34.6,10.2z M50.5,10.2c1.7,0,3.2,1.4,3.2,3.2s-1.4,3.2-3.2,3.2c-1.7,0-3.3-0.9-3.3-2.6S48.7,10.2,50.5,10.2z M66.2,10.2c1.5,0,3.4,1.4,3.4,3.2s-1.9,3.2-3.4,3.2c-1.5,0-2.6-0.4-2.6-2.1S64.8,10.2,66.2,10.2z M82.2,10.2c1.7,0.8,2.6,1.4,2.6,3.2s-0.1,3.2-1.6,3.2c-1.5,0-3.7-1.4-3.7-3.2S80.5,9.4,82.2,10.2zM98.6,10.2c1.5,0,2.6,0.4,2.6,2.1s-1.2,4.2-2.6,4.2c-1.5,0-3.7-0.4-3.7-2.1S97.1,10.2,98.6,10.2z M113.4,10.2c1.2,0,2.2,0.9,2.2,3.2s-0.1,3.2-1.3,3.2s-3.1-1.4-3.1-3.2S112.2,10.2,113.4,10.2z&#039;\/%3E%3C\/svg%3E&quot;);\">\n\t\t\t<span class=\"elementor-divider-separator\">\n\t\t\t\t\t\t\t<div class=\"elementor-icon elementor-divider__element\">\n\t\t\t\t\t<i aria-hidden=\"true\" class=\"fas fa-star\"><\/i><\/div>\n\t\t\t\t\t\t<\/span>\n\t\t<\/div>\n\t\t\t\t\t\t<\/div>\n\t\t\t\t<\/div>\n\t\t\t\t\t<\/div>\n\t\t<\/div>\n\t\t\t\t\t<\/div>\n\t\t<\/section>\n\t\t\t\t<section class=\"elementor-section elementor-top-section elementor-element elementor-element-ba63495 elementor-section-boxed elementor-section-height-default elementor-section-height-default\" data-id=\"ba63495\" data-element_type=\"section\" data-e-type=\"section\">\n\t\t\t\t\t\t<div class=\"elementor-container elementor-column-gap-default\">\n\t\t\t\t\t<div class=\"elementor-column elementor-col-100 elementor-top-column elementor-element elementor-element-c4349bd\" data-id=\"c4349bd\" data-element_type=\"column\" data-e-type=\"column\">\n\t\t\t<div class=\"elementor-widget-wrap elementor-element-populated\">\n\t\t\t\t\t\t<div class=\"elementor-element elementor-element-9dc4f1c elementor-headline--style-highlight elementor-widget elementor-widget-animated-headline\" data-id=\"9dc4f1c\" data-element_type=\"widget\" data-e-type=\"widget\" data-settings=\"{&quot;highlighted_text&quot;:&quot;CM2&quot;,&quot;marker&quot;:&quot;double_underline&quot;,&quot;headline_style&quot;:&quot;highlight&quot;,&quot;loop&quot;:&quot;yes&quot;,&quot;highlight_animation_duration&quot;:1200,&quot;highlight_iteration_delay&quot;:8000}\" data-widget_type=\"animated-headline.default\">\n\t\t\t\t<div class=\"elementor-widget-container\">\n\t\t\t\t\t\t\t<h3 class=\"elementor-headline\">\n\t\t\t\t\t<span class=\"elementor-headline-plain-text elementor-headline-text-wrapper\"> <\/span>\n\t\t\t\t<span class=\"elementor-headline-dynamic-wrapper elementor-headline-text-wrapper\">\n\t\t\t\t\t<span class=\"elementor-headline-dynamic-text elementor-headline-text-active\">CM2<\/span>\n\t\t\t\t<\/span>\n\t\t\t\t<\/h3>\n\t\t\t\t\t\t<\/div>\n\t\t\t\t<\/div>\n\t\t\t\t<div class=\"elementor-element elementor-element-399eba2 elementor-widget elementor-widget-text-editor\" data-id=\"399eba2\" data-element_type=\"widget\" data-e-type=\"widget\" data-widget_type=\"text-editor.default\">\n\t\t\t\t<div class=\"elementor-widget-container\">\n\t\t\t\t\t\t\t\t\t<p>Voici \u00a0quelques liens que nous proposons aux \u00e9l\u00e8ves de CM2 pour qu\u2019ils r\u00e9visent \u00a0des notions de fran\u00e7ais et de maths \u00e0 l\u2019aide de leur cahier d\u2019outils.<\/p><p><strong>A\/<u><b>En fran\u00e7ais<\/b><\/u><\/strong>\u00a0<\/p><p>Il faut aller sur <a href=\"https:\/\/www.logicieleducatif.fr\/jeux\/domine\/fran\u00e7ais\/CM2\"><u>https:\/\/www.logicieleducatif.fr\/jeux\/domaine\/fran\u00e7ais\/CM2<\/u><\/a> et cliquer sur l\u2019onglet \u00e0 travailler indiqu\u00e9 \u00e0 gauche.<\/p><p>Ils \u00a0s\u2019entraineront sur les domaines soulign\u00e9s ci-dessous et \u00e0 partir des titres propos\u00e9s :<\/p><p><u>1\/La lecture compr\u00e9hension<\/u>:<\/p><p>&#8211; Les pi\u00e8ces de la maison \/ Le pique-nique<\/p><p>&#8211; Lecture de consignes &#8211; maison \u00a01-2-3<\/p><p><u>2\/Orthographe<\/u>\u00a0:<\/p><p>-a\/\u00e0 &#8211; et\/est &#8211; sont\/son &#8211; ou\/o\u00f9 &#8211; mais\/mes<\/p><p>-Orthographe des mots d\u2019usage ( les mots flash ) &gt; Cliquer sur le niveau CM1puis CM2.<\/p><p>-Dict\u00e9e en ligne (niveau 1-2-3-4 puis 5)<\/p><p>-Pendu sur les mots invariables.<\/p><p>-Accords des adjectifs<\/p><p><u>3\/Grammaire<\/u>\u00a0:<\/p><p>Coloriage magique -grammaire<\/p><p><u>4\/ Confusions de son<\/u>s (pour les \u00e9l\u00e8ves qui ont besoin de retravailler \u00a0certains sons).<\/p><p>&gt;Il faudra travailler deux cas de confusion par jour en faisant toutes les s\u00e9ries propos\u00e9es. \u00a0<\/p><p>5\/ Pour r\u00e9viser <u>la conjugaison<\/u>\u00a0, il faut \u00a0aller sur : <a href=\"https:\/\/www.ortholud.com\"><u>https:\/\/www.ortholud.com<\/u><\/a><\/p><p>\u00a0&gt; Cliquer sur les onglets \u00a0conjugaison puis 1 et travailler le pr\u00e9sent de l\u2019indicatif et le pass\u00e9-compos\u00e9.<\/p><p><strong><u><b>B\/En math\u00e9matiq<\/b><\/u><span style=\"text-decoration: underline;\">ues<\/span><\/strong><\/p><p>Il faut aller sur : <a href=\"https:\/\/jeux.ieducatisf.fr\"><u>https:\/\/jeux.ieducatif.fr<\/u><\/a><\/p><p>Cliquer sur le niveau de CM2 puis travailler les titres suivants :<\/p><p>-Le compte est bon<\/p><p>-Comparer des nombres<\/p><p>-Conversion de longueurs<\/p><p>-Multiplication CM2 .<\/p><p>Pour s\u2019entrainer sur les tables de multiplication il faut aller sur :<\/p><p><a href=\"https:\/\/www.tablesdemultiplication.fr\"><u>https:\/\/www.tablesdemultiplication.fr<\/u><\/a> et cliquer sur les tables de X.<\/p>\t\t\t\t\t\t\t\t<\/div>\n\t\t\t\t<\/div>\n\t\t\t\t<div class=\"elementor-element elementor-element-2151b4a elementor-invisible elementor-widget elementor-widget-heading\" data-id=\"2151b4a\" data-element_type=\"widget\" data-e-type=\"widget\" data-settings=\"{&quot;_animation&quot;:&quot;fadeInLeft&quot;}\" data-widget_type=\"heading.default\">\n\t\t\t\t<div class=\"elementor-widget-container\">\n\t\t\t\t\t<h2 class=\"elementor-heading-title elementor-size-default\">Mise \u00e0 jour!<\/h2>\t\t\t\t<\/div>\n\t\t\t\t<\/div>\n\t\t\t\t<div class=\"elementor-element elementor-element-84b2f04 elementor-widget elementor-widget-text-editor\" data-id=\"84b2f04\" data-element_type=\"widget\" data-e-type=\"widget\" data-widget_type=\"text-editor.default\">\n\t\t\t\t<div class=\"elementor-widget-container\">\n\t\t\t\t\t\t\t\t\t<div>Si\u00a0 vous avez termin\u00e9 les\u00a0 activit\u00e9s p\u00e9dagogiques propos\u00e9es, nous vous proposons en compl\u00e9ment des activit\u00e9s physiques \u00e0 partir de ce lien (<u><a href=\"https:\/\/denc.gouv.nc\/bouger-plus\" target=\"_blank\" rel=\"noopener\" data-saferedirecturl=\"https:\/\/www.google.com\/url?q=https:\/\/denc.gouv.nc\/bouger-plus&amp;source=gmail&amp;ust=1718780944151000&amp;usg=AOvVaw1KPIN6Kar6xvS2jMdxsUDb\">https:\/\/denc.gouv.nc\/bouger-<wbr \/>plus<\/a><\/u>) pour bien commencer la journ\u00e9e et<\/div><div>\u00a0 \u00a0pour continuer \u00e0 vous entrainer les exercices suivants\u00a0 \u00a0:\u00a0\u00a0<\/div><div>\u00b7 Deux textes \u00e0 lire\u00a0 suivis de questions pour t\u2019aider \u00e0 mieux comprendre les\u00a0 textes .<\/div><div>\u00b7 Une s\u00e9rie de mots de l\u2019\u00e9chelle Dubois -Buyse que tu devras apprendre \u00e0 orthographier (<i>\u00a0les pages 2\u00a0\u00e0 3\u00a0soit\u00a0 5 \u00e0 10 mots par jour) .<\/i><\/div><div>\u00b7\u00a0\u200bDu calcul mental sous forme de charades\u00a0 et des probl\u00e8mes divers\u00a0\u00a0\u00e0 r\u00e9soudre\u00a0sur ton cahier de devoirs .<\/div><div>Bon courage \u00e0 vous\u00a0 et prenez soin de vous .<\/div><div><strong>A bient\u00f4t .<\/strong><\/div><div><strong>Les ma\u00eetresses de CM2<\/strong><\/div>\t\t\t\t\t\t\t\t<\/div>\n\t\t\t\t<\/div>\n\t\t\t\t<div class=\"elementor-element elementor-element-4387e80 elementor-widget elementor-widget-text-editor\" data-id=\"4387e80\" data-element_type=\"widget\" data-e-type=\"widget\" data-widget_type=\"text-editor.default\">\n\t\t\t\t<div class=\"elementor-widget-container\">\n\t\t\t\t\t\t\t\t\t<p><strong>Cliquez ci-dessous<\/strong><\/p>\t\t\t\t\t\t\t\t<\/div>\n\t\t\t\t<\/div>\n\t\t\t\t<div class=\"elementor-element elementor-element-2a26359 elementor-view-default elementor-widget elementor-widget-icon\" data-id=\"2a26359\" data-element_type=\"widget\" data-e-type=\"widget\" data-widget_type=\"icon.default\">\n\t\t\t\t<div class=\"elementor-widget-container\">\n\t\t\t\t\t\t\t<div class=\"elementor-icon-wrapper\">\n\t\t\t<a class=\"elementor-icon\" href=\"https:\/\/drive.google.com\/file\/d\/1OVQsKYMO93nxiZDvHfbnIC6aFW_7kBcm\/view?usp=drive_link\">\n\t\t\t<i aria-hidden=\"true\" class=\"far fa-file-pdf\"><\/i>\t\t\t<\/a>\n\t\t<\/div>\n\t\t\t\t\t\t<\/div>\n\t\t\t\t<\/div>\n\t\t\t\t<div class=\"elementor-element elementor-element-0945560 elementor-view-default elementor-widget elementor-widget-icon\" data-id=\"0945560\" data-element_type=\"widget\" data-e-type=\"widget\" data-widget_type=\"icon.default\">\n\t\t\t\t<div class=\"elementor-widget-container\">\n\t\t\t\t\t\t\t<div class=\"elementor-icon-wrapper\">\n\t\t\t<a class=\"elementor-icon\" href=\"https:\/\/drive.google.com\/file\/d\/1SMNPumsR0g_NY5o6M5FJh_tHgsbd0T5O\/view?usp=drive_link\">\n\t\t\t<i aria-hidden=\"true\" class=\"far fa-file-pdf\"><\/i>\t\t\t<\/a>\n\t\t<\/div>\n\t\t\t\t\t\t<\/div>\n\t\t\t\t<\/div>\n\t\t\t\t<div class=\"elementor-element elementor-element-eb4f3a5 elementor-view-default elementor-widget elementor-widget-icon\" data-id=\"eb4f3a5\" data-element_type=\"widget\" data-e-type=\"widget\" data-widget_type=\"icon.default\">\n\t\t\t\t<div class=\"elementor-widget-container\">\n\t\t\t\t\t\t\t<div class=\"elementor-icon-wrapper\">\n\t\t\t<a class=\"elementor-icon\" href=\"https:\/\/drive.google.com\/file\/d\/14jarfdSuWKMl28CGiCEOff3FCKv3Fjob\/view?usp=drive_link\">\n\t\t\t<i aria-hidden=\"true\" class=\"far fa-file-pdf\"><\/i>\t\t\t<\/a>\n\t\t<\/div>\n\t\t\t\t\t\t<\/div>\n\t\t\t\t<\/div>\n\t\t\t\t\t<\/div>\n\t\t<\/div>\n\t\t\t\t\t<\/div>\n\t\t<\/section>\n\t\t\t\t<\/div>\n\t\t","protected":false},"excerpt":{"rendered":"<p>CM1 Voici quelques activit\u00e9s qui peuvent aider votre enfant \u00e0 traverser cette p\u00e9riode :\u00a0\u00c9crire quotidiennement son ressenti, son v\u00e9cu du jour, un fait ou une r\u00e9flexion, accompagn\u00e9 d\u2019une illustration. Cela peut se faire sur son agenda (r\u00e9cit journalier)\u00a0 En rituel &#8211; les probl\u00e8mes- la lecture\u00a0\u00a0Ou des petites cartes rituels qui proposent du fran\u00e7ais et des [&hellip;]<\/p>\n","protected":false},"author":5,"featured_media":1290,"parent":0,"menu_order":0,"comment_status":"closed","ping_status":"closed","template":"","meta":{"footnotes":""},"class_list":["post-1283","page","type-page","status-publish","has-post-thumbnail","hentry"],"_links":{"self":[{"href":"https:\/\/ecolelucamoura2.ddec.nc\/index.php\/wp-json\/wp\/v2\/pages\/1283","targetHints":{"allow":["GET"]}}],"collection":[{"href":"https:\/\/ecolelucamoura2.ddec.nc\/index.php\/wp-json\/wp\/v2\/pages"}],"about":[{"href":"https:\/\/ecolelucamoura2.ddec.nc\/index.php\/wp-json\/wp\/v2\/types\/page"}],"author":[{"embeddable":true,"href":"https:\/\/ecolelucamoura2.ddec.nc\/index.php\/wp-json\/wp\/v2\/users\/5"}],"replies":[{"embeddable":true,"href":"https:\/\/ecolelucamoura2.ddec.nc\/index.php\/wp-json\/wp\/v2\/comments?post=1283"}],"version-history":[{"count":590,"href":"https:\/\/ecolelucamoura2.ddec.nc\/index.php\/wp-json\/wp\/v2\/pages\/1283\/revisions"}],"predecessor-version":[{"id":6406,"href":"https:\/\/ecolelucamoura2.ddec.nc\/index.php\/wp-json\/wp\/v2\/pages\/1283\/revisions\/6406"}],"wp:featuredmedia":[{"embeddable":true,"href":"https:\/\/ecolelucamoura2.ddec.nc\/index.php\/wp-json\/wp\/v2\/media\/1290"}],"wp:attachment":[{"href":"https:\/\/ecolelucamoura2.ddec.nc\/index.php\/wp-json\/wp\/v2\/media?parent=1283"}],"curies":[{"name":"wp","href":"https:\/\/api.w.org\/{rel}","templated":true}]}}