{"id":1994,"date":"2021-03-24T08:57:20","date_gmt":"2021-03-24T07:57:20","guid":{"rendered":"https:\/\/ecolelucamoura2.ddec.nc\/?page_id=1994"},"modified":"2021-03-24T09:26:50","modified_gmt":"2021-03-24T08:26:50","slug":"infos-cm2","status":"publish","type":"page","link":"https:\/\/ecolelucamoura2.ddec.nc\/index.php\/infos-cm2\/","title":{"rendered":"CM2"},"content":{"rendered":"\t\t<div data-elementor-type=\"wp-page\" data-elementor-id=\"1994\" class=\"elementor elementor-1994\" data-elementor-post-type=\"page\">\n\t\t\t\t\t\t<section class=\"elementor-section elementor-top-section elementor-element elementor-element-7d0c9ac elementor-section-boxed elementor-section-height-default elementor-section-height-default\" data-id=\"7d0c9ac\" data-element_type=\"section\" data-e-type=\"section\">\n\t\t\t\t\t\t<div class=\"elementor-container elementor-column-gap-default\">\n\t\t\t\t\t<div class=\"elementor-column elementor-col-100 elementor-top-column elementor-element elementor-element-5c3f212\" data-id=\"5c3f212\" data-element_type=\"column\" data-e-type=\"column\">\n\t\t\t<div class=\"elementor-widget-wrap elementor-element-populated\">\n\t\t\t\t\t\t<div class=\"elementor-element elementor-element-7a14c45 elementor-headline--style-rotate elementor-widget elementor-widget-animated-headline\" data-id=\"7a14c45\" data-element_type=\"widget\" data-e-type=\"widget\" data-settings=\"{&quot;headline_style&quot;:&quot;rotate&quot;,&quot;animation_type&quot;:&quot;blinds&quot;,&quot;rotating_text&quot;:&quot;LES CM2 !&quot;,&quot;loop&quot;:&quot;yes&quot;,&quot;rotate_iteration_delay&quot;:2500}\" data-widget_type=\"animated-headline.default\">\n\t\t\t\t<div class=\"elementor-widget-container\">\n\t\t\t\t\t\t\t<h3 class=\"elementor-headline elementor-headline-animation-type-blinds elementor-headline-letters\">\n\t\t\t\t\t<span class=\"elementor-headline-plain-text elementor-headline-text-wrapper\">OYE OYE <\/span>\n\t\t\t\t<span class=\"elementor-headline-dynamic-wrapper elementor-headline-text-wrapper\">\n\t\t\t\t\t<span class=\"elementor-headline-dynamic-text elementor-headline-text-active\">\n\t\t\t\tLES&nbsp;CM2&nbsp;!\t\t\t<\/span>\n\t\t\t\t\t\t<\/span>\n\t\t\t\t<\/h3>\n\t\t\t\t\t\t<\/div>\n\t\t\t\t<\/div>\n\t\t\t\t\t<\/div>\n\t\t<\/div>\n\t\t\t\t\t<\/div>\n\t\t<\/section>\n\t\t\t\t<section class=\"elementor-section elementor-top-section elementor-element elementor-element-35d3bf5 elementor-section-boxed elementor-section-height-default elementor-section-height-default\" data-id=\"35d3bf5\" data-element_type=\"section\" data-e-type=\"section\">\n\t\t\t\t\t\t<div class=\"elementor-container elementor-column-gap-default\">\n\t\t\t\t\t<div class=\"elementor-column elementor-col-33 elementor-top-column elementor-element elementor-element-c3b6fcd\" data-id=\"c3b6fcd\" data-element_type=\"column\" data-e-type=\"column\">\n\t\t\t<div class=\"elementor-widget-wrap elementor-element-populated\">\n\t\t\t\t\t\t<div class=\"elementor-element elementor-element-9b55f5e elementor-widget elementor-widget-gallery\" data-id=\"9b55f5e\" data-element_type=\"widget\" data-e-type=\"widget\" data-settings=\"{&quot;gallery_layout&quot;:&quot;masonry&quot;,&quot;columns&quot;:3,&quot;gap&quot;:{&quot;unit&quot;:&quot;px&quot;,&quot;size&quot;:8,&quot;sizes&quot;:[]},&quot;lazyload&quot;:&quot;yes&quot;,&quot;columns_tablet&quot;:2,&quot;columns_mobile&quot;:1,&quot;gap_tablet&quot;:{&quot;unit&quot;:&quot;px&quot;,&quot;size&quot;:10,&quot;sizes&quot;:[]},&quot;gap_mobile&quot;:{&quot;unit&quot;:&quot;px&quot;,&quot;size&quot;:10,&quot;sizes&quot;:[]},&quot;link_to&quot;:&quot;file&quot;,&quot;overlay_background&quot;:&quot;yes&quot;,&quot;content_hover_animation&quot;:&quot;fade-in&quot;}\" data-widget_type=\"gallery.default\">\n\t\t\t\t<div class=\"elementor-widget-container\">\n\t\t\t\t\t\t\t<div class=\"elementor-gallery__container\">\n\t\t\t\t\t\t\t<a class=\"e-gallery-item elementor-gallery-item elementor-animated-content\" href=\"https:\/\/ecolelucamoura2.ddec.nc\/wp-content\/uploads\/2021\/03\/crocodiles_d-Eripa.jpg\" data-elementor-open-lightbox=\"yes\" data-elementor-lightbox-slideshow=\"9b55f5e\" data-elementor-lightbox-title=\"crocodiles_d-Eripa\" data-e-action-hash=\"#elementor-action%3Aaction%3Dlightbox%26settings%3DeyJpZCI6MjAxMywidXJsIjoiaHR0cHM6XC9cL2Vjb2xlbHVjYW1vdXJhMi5kZGVjLm5jXC93cC1jb250ZW50XC91cGxvYWRzXC8yMDIxXC8wM1wvY3JvY29kaWxlc19kLUVyaXBhLmpwZyIsInNsaWRlc2hvdyI6IjliNTVmNWUifQ%3D%3D\">\n\t\t\t\t\t<div class=\"e-gallery-image elementor-gallery-item__image\" data-thumbnail=\"https:\/\/ecolelucamoura2.ddec.nc\/wp-content\/uploads\/2021\/03\/crocodiles_d-Eripa.jpg\" data-width=\"153\" data-height=\"205\" aria-label=\"\" role=\"img\" ><\/div>\n\t\t\t\t\t\t\t\t\t\t\t<div class=\"elementor-gallery-item__overlay\"><\/div>\n\t\t\t\t\t\t\t\t\t\t\t\t\t\t<\/a>\n\t\t\t\t\t\t\t<a class=\"e-gallery-item elementor-gallery-item elementor-animated-content\" href=\"https:\/\/ecolelucamoura2.ddec.nc\/wp-content\/uploads\/2021\/03\/loups_du_clair_de_lune.jpg\" data-elementor-open-lightbox=\"yes\" data-elementor-lightbox-slideshow=\"9b55f5e\" data-elementor-lightbox-title=\"loups_du_clair_de_lune\" data-e-action-hash=\"#elementor-action%3Aaction%3Dlightbox%26settings%3DeyJpZCI6MjAxNCwidXJsIjoiaHR0cHM6XC9cL2Vjb2xlbHVjYW1vdXJhMi5kZGVjLm5jXC93cC1jb250ZW50XC91cGxvYWRzXC8yMDIxXC8wM1wvbG91cHNfZHVfY2xhaXJfZGVfbHVuZS5qcGciLCJzbGlkZXNob3ciOiI5YjU1ZjVlIn0%3D\">\n\t\t\t\t\t<div class=\"e-gallery-image elementor-gallery-item__image\" data-thumbnail=\"https:\/\/ecolelucamoura2.ddec.nc\/wp-content\/uploads\/2021\/03\/loups_du_clair_de_lune.jpg\" data-width=\"153\" data-height=\"205\" aria-label=\"\" role=\"img\" ><\/div>\n\t\t\t\t\t\t\t\t\t\t\t<div class=\"elementor-gallery-item__overlay\"><\/div>\n\t\t\t\t\t\t\t\t\t\t\t\t\t\t<\/a>\n\t\t\t\t\t\t\t<a class=\"e-gallery-item elementor-gallery-item elementor-animated-content\" href=\"https:\/\/ecolelucamoura2.ddec.nc\/wp-content\/uploads\/2021\/03\/magic_fainn.jpg\" data-elementor-open-lightbox=\"yes\" data-elementor-lightbox-slideshow=\"9b55f5e\" data-elementor-lightbox-title=\"magic_fainn\" data-e-action-hash=\"#elementor-action%3Aaction%3Dlightbox%26settings%3DeyJpZCI6MjAxNSwidXJsIjoiaHR0cHM6XC9cL2Vjb2xlbHVjYW1vdXJhMi5kZGVjLm5jXC93cC1jb250ZW50XC91cGxvYWRzXC8yMDIxXC8wM1wvbWFnaWNfZmFpbm4uanBnIiwic2xpZGVzaG93IjoiOWI1NWY1ZSJ9\">\n\t\t\t\t\t<div class=\"e-gallery-image elementor-gallery-item__image\" data-thumbnail=\"https:\/\/ecolelucamoura2.ddec.nc\/wp-content\/uploads\/2021\/03\/magic_fainn.jpg\" data-width=\"153\" data-height=\"205\" aria-label=\"\" role=\"img\" ><\/div>\n\t\t\t\t\t\t\t\t\t\t\t<div class=\"elementor-gallery-item__overlay\"><\/div>\n\t\t\t\t\t\t\t\t\t\t\t\t\t\t<\/a>\n\t\t\t\t\t\t\t<a class=\"e-gallery-item elementor-gallery-item elementor-animated-content\" href=\"https:\/\/ecolelucamoura2.ddec.nc\/wp-content\/uploads\/2021\/03\/masca_manuel_de_survie.jpg\" data-elementor-open-lightbox=\"yes\" data-elementor-lightbox-slideshow=\"9b55f5e\" data-elementor-lightbox-title=\"masca_manuel_de_survie\" data-e-action-hash=\"#elementor-action%3Aaction%3Dlightbox%26settings%3DeyJpZCI6MjAxNiwidXJsIjoiaHR0cHM6XC9cL2Vjb2xlbHVjYW1vdXJhMi5kZGVjLm5jXC93cC1jb250ZW50XC91cGxvYWRzXC8yMDIxXC8wM1wvbWFzY2FfbWFudWVsX2RlX3N1cnZpZS5qcGciLCJzbGlkZXNob3ciOiI5YjU1ZjVlIn0%3D\">\n\t\t\t\t\t<div class=\"e-gallery-image elementor-gallery-item__image\" data-thumbnail=\"https:\/\/ecolelucamoura2.ddec.nc\/wp-content\/uploads\/2021\/03\/masca_manuel_de_survie.jpg\" data-width=\"153\" data-height=\"205\" aria-label=\"\" role=\"img\" ><\/div>\n\t\t\t\t\t\t\t\t\t\t\t<div class=\"elementor-gallery-item__overlay\"><\/div>\n\t\t\t\t\t\t\t\t\t\t\t\t\t\t<\/a>\n\t\t\t\t\t\t\t<a class=\"e-gallery-item elementor-gallery-item elementor-animated-content\" href=\"https:\/\/ecolelucamoura2.ddec.nc\/wp-content\/uploads\/2021\/03\/moi_baleine.jpg\" data-elementor-open-lightbox=\"yes\" data-elementor-lightbox-slideshow=\"9b55f5e\" data-elementor-lightbox-title=\"moi_baleine\" data-e-action-hash=\"#elementor-action%3Aaction%3Dlightbox%26settings%3DeyJpZCI6MjAxNywidXJsIjoiaHR0cHM6XC9cL2Vjb2xlbHVjYW1vdXJhMi5kZGVjLm5jXC93cC1jb250ZW50XC91cGxvYWRzXC8yMDIxXC8wM1wvbW9pX2JhbGVpbmUuanBnIiwic2xpZGVzaG93IjoiOWI1NWY1ZSJ9\">\n\t\t\t\t\t<div class=\"e-gallery-image elementor-gallery-item__image\" data-thumbnail=\"https:\/\/ecolelucamoura2.ddec.nc\/wp-content\/uploads\/2021\/03\/moi_baleine.jpg\" data-width=\"153\" data-height=\"205\" aria-label=\"\" role=\"img\" ><\/div>\n\t\t\t\t\t\t\t\t\t\t\t<div class=\"elementor-gallery-item__overlay\"><\/div>\n\t\t\t\t\t\t\t\t\t\t\t\t\t\t<\/a>\n\t\t\t\t\t\t\t<a class=\"e-gallery-item elementor-gallery-item elementor-animated-content\" href=\"https:\/\/ecolelucamoura2.ddec.nc\/wp-content\/uploads\/2021\/03\/super_espions_malgre_nous.jpg\" data-elementor-open-lightbox=\"yes\" data-elementor-lightbox-slideshow=\"9b55f5e\" data-elementor-lightbox-title=\"super_espions_malgre_nous\" data-e-action-hash=\"#elementor-action%3Aaction%3Dlightbox%26settings%3DeyJpZCI6MjAxOCwidXJsIjoiaHR0cHM6XC9cL2Vjb2xlbHVjYW1vdXJhMi5kZGVjLm5jXC93cC1jb250ZW50XC91cGxvYWRzXC8yMDIxXC8wM1wvc3VwZXJfZXNwaW9uc19tYWxncmVfbm91cy5qcGciLCJzbGlkZXNob3ciOiI5YjU1ZjVlIn0%3D\">\n\t\t\t\t\t<div class=\"e-gallery-image elementor-gallery-item__image\" data-thumbnail=\"https:\/\/ecolelucamoura2.ddec.nc\/wp-content\/uploads\/2021\/03\/super_espions_malgre_nous.jpg\" data-width=\"153\" data-height=\"205\" aria-label=\"\" role=\"img\" ><\/div>\n\t\t\t\t\t\t\t\t\t\t\t<div class=\"elementor-gallery-item__overlay\"><\/div>\n\t\t\t\t\t\t\t\t\t\t\t\t\t\t<\/a>\n\t\t\t\t\t\t\t<a class=\"e-gallery-item elementor-gallery-item elementor-animated-content\" href=\"https:\/\/ecolelucamoura2.ddec.nc\/wp-content\/uploads\/2021\/03\/wakoupa.jpg\" data-elementor-open-lightbox=\"yes\" data-elementor-lightbox-slideshow=\"9b55f5e\" data-elementor-lightbox-title=\"wakoupa\" data-e-action-hash=\"#elementor-action%3Aaction%3Dlightbox%26settings%3DeyJpZCI6MjAxOSwidXJsIjoiaHR0cHM6XC9cL2Vjb2xlbHVjYW1vdXJhMi5kZGVjLm5jXC93cC1jb250ZW50XC91cGxvYWRzXC8yMDIxXC8wM1wvd2Frb3VwYS5qcGciLCJzbGlkZXNob3ciOiI5YjU1ZjVlIn0%3D\">\n\t\t\t\t\t<div class=\"e-gallery-image elementor-gallery-item__image\" data-thumbnail=\"https:\/\/ecolelucamoura2.ddec.nc\/wp-content\/uploads\/2021\/03\/wakoupa.jpg\" data-width=\"153\" data-height=\"205\" aria-label=\"\" role=\"img\" ><\/div>\n\t\t\t\t\t\t\t\t\t\t\t<div class=\"elementor-gallery-item__overlay\"><\/div>\n\t\t\t\t\t\t\t\t\t\t\t\t\t\t<\/a>\n\t\t\t\t\t<\/div>\n\t\t\t\t\t<\/div>\n\t\t\t\t<\/div>\n\t\t\t\t\t<\/div>\n\t\t<\/div>\n\t\t\t\t<div class=\"elementor-column elementor-col-66 elementor-top-column elementor-element elementor-element-91f724c\" data-id=\"91f724c\" data-element_type=\"column\" data-e-type=\"column\">\n\t\t\t<div class=\"elementor-widget-wrap elementor-element-populated\">\n\t\t\t\t\t\t<div class=\"elementor-element elementor-element-fe23095 elementor-widget elementor-widget-text-editor\" data-id=\"fe23095\" data-element_type=\"widget\" data-e-type=\"widget\" data-widget_type=\"text-editor.default\">\n\t\t\t\t<div class=\"elementor-widget-container\">\n\t\t\t\t\t\t\t\t\t<h3>En cliquant<strong>\u00a0<a href=\"http:\/\/www.livremonami.nc\/?p=7336\">ici<\/a><\/strong>, vous d\u00e9couvrirez des vid\u00e9os pr\u00e9sentant chaque jour les sept ouvrages de la s\u00e9lection de 2021 .<\/h3><h3>N\u2019h\u00e9sitez pas \u00e0 vous connecter si vous en avez l\u2019occasion, cela facilitera la lecture et surtout la<br \/>compr\u00e9hension de votre livre .<\/h3><h3 style=\"text-align: center;\"><span style=\"text-decoration: underline;\"><strong>Bon visionnage\u00a0!<\/strong><\/span><\/h3>\t\t\t\t\t\t\t\t<\/div>\n\t\t\t\t<\/div>\n\t\t\t\t\t<\/div>\n\t\t<\/div>\n\t\t\t\t\t<\/div>\n\t\t<\/section>\n\t\t\t\t<\/div>\n\t\t","protected":false},"excerpt":{"rendered":"<p>OYE OYE LES&nbsp;CM2&nbsp;! En cliquant\u00a0ici, vous d\u00e9couvrirez des vid\u00e9os pr\u00e9sentant chaque jour les sept ouvrages de la s\u00e9lection de 2021 . N\u2019h\u00e9sitez pas \u00e0 vous connecter si vous en avez l\u2019occasion, cela facilitera la lecture et surtout lacompr\u00e9hension de votre livre . Bon visionnage\u00a0!<\/p>\n","protected":false},"author":5,"featured_media":0,"parent":0,"menu_order":0,"comment_status":"closed","ping_status":"closed","template":"","meta":{"footnotes":""},"class_list":["post-1994","page","type-page","status-publish","hentry"],"_links":{"self":[{"href":"https:\/\/ecolelucamoura2.ddec.nc\/index.php\/wp-json\/wp\/v2\/pages\/1994","targetHints":{"allow":["GET"]}}],"collection":[{"href":"https:\/\/ecolelucamoura2.ddec.nc\/index.php\/wp-json\/wp\/v2\/pages"}],"about":[{"href":"https:\/\/ecolelucamoura2.ddec.nc\/index.php\/wp-json\/wp\/v2\/types\/page"}],"author":[{"embeddable":true,"href":"https:\/\/ecolelucamoura2.ddec.nc\/index.php\/wp-json\/wp\/v2\/users\/5"}],"replies":[{"embeddable":true,"href":"https:\/\/ecolelucamoura2.ddec.nc\/index.php\/wp-json\/wp\/v2\/comments?post=1994"}],"version-history":[{"count":18,"href":"https:\/\/ecolelucamoura2.ddec.nc\/index.php\/wp-json\/wp\/v2\/pages\/1994\/revisions"}],"predecessor-version":[{"id":2025,"href":"https:\/\/ecolelucamoura2.ddec.nc\/index.php\/wp-json\/wp\/v2\/pages\/1994\/revisions\/2025"}],"wp:attachment":[{"href":"https:\/\/ecolelucamoura2.ddec.nc\/index.php\/wp-json\/wp\/v2\/media?parent=1994"}],"curies":[{"name":"wp","href":"https:\/\/api.w.org\/{rel}","templated":true}]}}