{"id":56,"date":"2020-08-27T08:46:04","date_gmt":"2020-08-27T06:46:04","guid":{"rendered":"https:\/\/ecolelucamoura2.ddec.nc\/wp\/?page_id=56"},"modified":"2021-03-15T02:19:18","modified_gmt":"2021-03-15T01:19:18","slug":"test","status":"publish","type":"page","link":"https:\/\/ecolelucamoura2.ddec.nc\/index.php\/test\/","title":{"rendered":"L&rsquo;Ecole \u00e0 la maison"},"content":{"rendered":"\t\t<div data-elementor-type=\"wp-page\" data-elementor-id=\"56\" class=\"elementor elementor-56\" data-elementor-post-type=\"page\">\n\t\t\t\t\t\t<section class=\"elementor-section elementor-top-section elementor-element elementor-element-870f2cc elementor-section-boxed elementor-section-height-default elementor-section-height-default\" data-id=\"870f2cc\" data-element_type=\"section\" data-e-type=\"section\">\n\t\t\t\t\t\t<div class=\"elementor-container elementor-column-gap-default\">\n\t\t\t\t\t<div class=\"elementor-column elementor-col-100 elementor-top-column elementor-element elementor-element-9986d11\" data-id=\"9986d11\" data-element_type=\"column\" data-e-type=\"column\">\n\t\t\t<div class=\"elementor-widget-wrap elementor-element-populated\">\n\t\t\t\t\t\t<div class=\"elementor-element elementor-element-1a61ba0 elementor-widget elementor-widget-text-editor\" data-id=\"1a61ba0\" data-element_type=\"widget\" data-e-type=\"widget\" data-widget_type=\"text-editor.default\">\n\t\t\t\t<div class=\"elementor-widget-container\">\n\t\t\t\t\t\t\t\t\t<div>Au cours de la journ\u00e9e et de la semaine, les capacit\u00e9s d&rsquo;attention des enfants ne sont pas constantes.<br><br><\/div>\n<div>L&#8217;emploi du temps pr\u00e9sent\u00e9 ci-dessous propose de prendre en compte ces fluctuations pour organiser une journ\u00e9e \u00e0 la maison. Avec cette proposition de fonctionnement, il s&rsquo;agit d&rsquo;\u00e9tablir un lien entre les contenus propos\u00e9s par les enseignants dans le cadre de la continuit\u00e9 p\u00e9dagogique et les disponibilit\u00e9s attentionnelles de vos enfants.<\/div><div><br><\/div>\n<div>Une notion complexe devra \u00eatre abord\u00e9e \u00e0 un moment propice \u00e0 son acquisition (matin\u00e9e et fin d&rsquo;apr\u00e8s-midi) alors qu&rsquo;une activit\u00e9 n\u00e9cessitant un effort cognitif moindre devra \u00eatre propos\u00e9e sur un temps o\u00f9 les capacit\u00e9s d&rsquo;attention sont plus faibles.<\/div>\t\t\t\t\t\t\t\t<\/div>\n\t\t\t\t<\/div>\n\t\t\t\t<div class=\"elementor-element elementor-element-50daf5a elementor-widget elementor-widget-toggle\" data-id=\"50daf5a\" data-element_type=\"widget\" data-e-type=\"widget\" data-widget_type=\"toggle.default\">\n\t\t\t\t<div class=\"elementor-widget-container\">\n\t\t\t\t\t\t\t<div class=\"elementor-toggle\">\n\t\t\t\t\t\t\t<div class=\"elementor-toggle-item\">\n\t\t\t\t\t<div id=\"elementor-tab-title-8471\" class=\"elementor-tab-title\" data-tab=\"1\" role=\"button\" aria-controls=\"elementor-tab-content-8471\" aria-expanded=\"false\">\n\t\t\t\t\t\t\t\t\t\t\t\t<span class=\"elementor-toggle-icon elementor-toggle-icon-left\" aria-hidden=\"true\">\n\t\t\t\t\t\t\t\t\t\t\t\t\t\t\t<span class=\"elementor-toggle-icon-closed\"><i class=\"fas fa-caret-right\"><\/i><\/span>\n\t\t\t\t\t\t\t\t<span class=\"elementor-toggle-icon-opened\"><i class=\"elementor-toggle-icon-opened fas fa-caret-up\"><\/i><\/span>\n\t\t\t\t\t\t\t\t\t\t\t\t\t<\/span>\n\t\t\t\t\t\t\t\t\t\t\t\t<a class=\"elementor-toggle-title\" tabindex=\"0\">8H \u00e0 9H<\/a>\n\t\t\t\t\t<\/div>\n\n\t\t\t\t\t<div id=\"elementor-tab-content-8471\" class=\"elementor-tab-content elementor-clearfix\" data-tab=\"1\" role=\"region\" aria-labelledby=\"elementor-tab-title-8471\"><table class=\"spip\" style=\"height: 12px;\" width=\"364\"><tbody><tr class=\"row_even even\"><td><p><strong>Capacit\u00e9s attentionnelles:<\/strong><\/p><p>Faible<\/p><\/td><td><p><strong>Mobilisation des op\u00e9rations mentales:<\/strong><\/p><p>Structuration<\/p><p>Repr\u00e9sentation<\/p><p>Verbalisation<\/p><p>M\u00e9morisation<\/p><p>Entrainement<\/p><\/td><td><p><strong>Exemples d&rsquo;activit\u00e9s: <\/strong><\/p><p>Pas d\u2019activit\u00e9s scolaires<\/p><\/td><\/tr><\/tbody><\/table><\/div>\n\t\t\t\t<\/div>\n\t\t\t\t\t\t\t<div class=\"elementor-toggle-item\">\n\t\t\t\t\t<div id=\"elementor-tab-title-8472\" class=\"elementor-tab-title\" data-tab=\"2\" role=\"button\" aria-controls=\"elementor-tab-content-8472\" aria-expanded=\"false\">\n\t\t\t\t\t\t\t\t\t\t\t\t<span class=\"elementor-toggle-icon elementor-toggle-icon-left\" aria-hidden=\"true\">\n\t\t\t\t\t\t\t\t\t\t\t\t\t\t\t<span class=\"elementor-toggle-icon-closed\"><i class=\"fas fa-caret-right\"><\/i><\/span>\n\t\t\t\t\t\t\t\t<span class=\"elementor-toggle-icon-opened\"><i class=\"elementor-toggle-icon-opened fas fa-caret-up\"><\/i><\/span>\n\t\t\t\t\t\t\t\t\t\t\t\t\t<\/span>\n\t\t\t\t\t\t\t\t\t\t\t\t<a class=\"elementor-toggle-title\" tabindex=\"0\">9H \u00e0 9H30<\/a>\n\t\t\t\t\t<\/div>\n\n\t\t\t\t\t<div id=\"elementor-tab-content-8472\" class=\"elementor-tab-content elementor-clearfix\" data-tab=\"2\" role=\"region\" aria-labelledby=\"elementor-tab-title-8472\"><table class=\"spip\" style=\"height: 12px;\" width=\"364\"><tbody><tr class=\"row_even even\"><td><p><strong>Capacit\u00e9s attentionnelles:<\/strong><\/p><p>Moyen<\/p><\/td><td><p><strong>Mobilisation des op\u00e9rations mentales:<\/strong><\/p><p>D\u00e9couverte<\/p><p>Exploration<\/p><p>Conceptualisation<\/p><p>R\u00e9investissement<\/p><\/td><td><p><strong>Exemples d&rsquo;activit\u00e9s: <\/strong><\/p><p>Regarder une vid\u00e9o, faire des exp\u00e9riences, faire des travaux manuels<\/p><\/td><\/tr><\/tbody><\/table><\/div>\n\t\t\t\t<\/div>\n\t\t\t\t\t\t\t<div class=\"elementor-toggle-item\">\n\t\t\t\t\t<div id=\"elementor-tab-title-8473\" class=\"elementor-tab-title\" data-tab=\"3\" role=\"button\" aria-controls=\"elementor-tab-content-8473\" aria-expanded=\"false\">\n\t\t\t\t\t\t\t\t\t\t\t\t<span class=\"elementor-toggle-icon elementor-toggle-icon-left\" aria-hidden=\"true\">\n\t\t\t\t\t\t\t\t\t\t\t\t\t\t\t<span class=\"elementor-toggle-icon-closed\"><i class=\"fas fa-caret-right\"><\/i><\/span>\n\t\t\t\t\t\t\t\t<span class=\"elementor-toggle-icon-opened\"><i class=\"elementor-toggle-icon-opened fas fa-caret-up\"><\/i><\/span>\n\t\t\t\t\t\t\t\t\t\t\t\t\t<\/span>\n\t\t\t\t\t\t\t\t\t\t\t\t<a class=\"elementor-toggle-title\" tabindex=\"0\">9H30-11H<\/a>\n\t\t\t\t\t<\/div>\n\n\t\t\t\t\t<div id=\"elementor-tab-content-8473\" class=\"elementor-tab-content elementor-clearfix\" data-tab=\"3\" role=\"region\" aria-labelledby=\"elementor-tab-title-8473\"><table class=\"spip\" style=\"height: 12px;\" width=\"364\"><tbody><tr class=\"row_even even\"><td><p><strong>Capacit\u00e9s attentionnelles:<\/strong><\/p><p>Forte<\/p><\/td><td><p><strong>Mobilisation des op\u00e9rations mentales:<\/strong><\/p><p>Structuration<\/p><p>Conceptualisation<\/p><p>Renforcement<\/p><p>Production<\/p><p>Recherche d\u2019informations<\/p><p>Evaluation<\/p><p>R\u00e9investissement<\/p><p>Transfert<\/p><\/td><td><p><strong>Exemples d&rsquo;activit\u00e9s: <\/strong><\/p><p>R\u00e9viser une le\u00e7on, r\u00e9soudre une situation-probl\u00e8me, r\u00e9diger un texte, s\u2019entrainer par des exercices de fran\u00e7ais, exercices de math\u00e9matiques, effectuer des recherches<\/p><\/td><\/tr><\/tbody><\/table><\/div>\n\t\t\t\t<\/div>\n\t\t\t\t\t\t\t<div class=\"elementor-toggle-item\">\n\t\t\t\t\t<div id=\"elementor-tab-title-8474\" class=\"elementor-tab-title\" data-tab=\"4\" role=\"button\" aria-controls=\"elementor-tab-content-8474\" aria-expanded=\"false\">\n\t\t\t\t\t\t\t\t\t\t\t\t<span class=\"elementor-toggle-icon elementor-toggle-icon-left\" aria-hidden=\"true\">\n\t\t\t\t\t\t\t\t\t\t\t\t\t\t\t<span class=\"elementor-toggle-icon-closed\"><i class=\"fas fa-caret-right\"><\/i><\/span>\n\t\t\t\t\t\t\t\t<span class=\"elementor-toggle-icon-opened\"><i class=\"elementor-toggle-icon-opened fas fa-caret-up\"><\/i><\/span>\n\t\t\t\t\t\t\t\t\t\t\t\t\t<\/span>\n\t\t\t\t\t\t\t\t\t\t\t\t<a class=\"elementor-toggle-title\" tabindex=\"0\">13H-14H<\/a>\n\t\t\t\t\t<\/div>\n\n\t\t\t\t\t<div id=\"elementor-tab-content-8474\" class=\"elementor-tab-content elementor-clearfix\" data-tab=\"4\" role=\"region\" aria-labelledby=\"elementor-tab-title-8474\"><table class=\"spip\" style=\"height: 12px;\" width=\"364\"><tbody><tr class=\"row_even even\"><td><p><strong>Capacit\u00e9s attentionnelles:<\/strong><\/p><p>Faible<\/p><\/td><td><p><strong>Mobilisation des op\u00e9rations mentales:<\/strong><\/p><p>Structuration<\/p><p>Repr\u00e9sentation<\/p><p>Verbalisation<\/p><p>M\u00e9morisation<\/p><\/td><td><p><strong>Exemples d&rsquo;activit\u00e9s: <\/strong><\/p><p>Copier une le\u00e7on, calculer mentalement, lire oralement<\/p><\/td><\/tr><\/tbody><\/table><\/div>\n\t\t\t\t<\/div>\n\t\t\t\t\t\t\t<div class=\"elementor-toggle-item\">\n\t\t\t\t\t<div id=\"elementor-tab-title-8475\" class=\"elementor-tab-title\" data-tab=\"5\" role=\"button\" aria-controls=\"elementor-tab-content-8475\" aria-expanded=\"false\">\n\t\t\t\t\t\t\t\t\t\t\t\t<span class=\"elementor-toggle-icon elementor-toggle-icon-left\" aria-hidden=\"true\">\n\t\t\t\t\t\t\t\t\t\t\t\t\t\t\t<span class=\"elementor-toggle-icon-closed\"><i class=\"fas fa-caret-right\"><\/i><\/span>\n\t\t\t\t\t\t\t\t<span class=\"elementor-toggle-icon-opened\"><i class=\"elementor-toggle-icon-opened fas fa-caret-up\"><\/i><\/span>\n\t\t\t\t\t\t\t\t\t\t\t\t\t<\/span>\n\t\t\t\t\t\t\t\t\t\t\t\t<a class=\"elementor-toggle-title\" tabindex=\"0\">14H-14H30<\/a>\n\t\t\t\t\t<\/div>\n\n\t\t\t\t\t<div id=\"elementor-tab-content-8475\" class=\"elementor-tab-content elementor-clearfix\" data-tab=\"5\" role=\"region\" aria-labelledby=\"elementor-tab-title-8475\"><table class=\"spip\" style=\"height: 12px;\" width=\"364\"><tbody><tr class=\"row_even even\"><td><p><strong>Capacit\u00e9s attentionnelles:<\/strong><\/p><p>Moyen<\/p><\/td><td><p><strong>Mobilisation des op\u00e9rations mentales:<\/strong><\/p><p>Cr\u00e9ation<\/p><p>Renforcement<\/p><\/td><td><p><strong>Exemples d&rsquo;activit\u00e9s: <\/strong><\/p><p>Copier une le\u00e7on, calculer mentalement<\/p><\/td><\/tr><\/tbody><\/table><\/div>\n\t\t\t\t<\/div>\n\t\t\t\t\t\t\t<div class=\"elementor-toggle-item\">\n\t\t\t\t\t<div id=\"elementor-tab-title-8476\" class=\"elementor-tab-title\" data-tab=\"6\" role=\"button\" aria-controls=\"elementor-tab-content-8476\" aria-expanded=\"false\">\n\t\t\t\t\t\t\t\t\t\t\t\t<span class=\"elementor-toggle-icon elementor-toggle-icon-left\" aria-hidden=\"true\">\n\t\t\t\t\t\t\t\t\t\t\t\t\t\t\t<span class=\"elementor-toggle-icon-closed\"><i class=\"fas fa-caret-right\"><\/i><\/span>\n\t\t\t\t\t\t\t\t<span class=\"elementor-toggle-icon-opened\"><i class=\"elementor-toggle-icon-opened fas fa-caret-up\"><\/i><\/span>\n\t\t\t\t\t\t\t\t\t\t\t\t\t<\/span>\n\t\t\t\t\t\t\t\t\t\t\t\t<a class=\"elementor-toggle-title\" tabindex=\"0\">14H30-16H<\/a>\n\t\t\t\t\t<\/div>\n\n\t\t\t\t\t<div id=\"elementor-tab-content-8476\" class=\"elementor-tab-content elementor-clearfix\" data-tab=\"6\" role=\"region\" aria-labelledby=\"elementor-tab-title-8476\"><table class=\"spip\" style=\"height: 12px;\" width=\"364\"><tbody><tr class=\"row_even even\"><td><p><strong>Capacit\u00e9s attentionnelles:<\/strong><\/p><p>Fort<\/p><\/td><td><p><strong>Mobilisation des op\u00e9rations mentales:<\/strong><\/p><p>M\u00e9morisation \u00e0 long terme<\/p><p>Production<\/p><p>Mobilisation<\/p><p>Bonnes capacit\u00e9s physiques<\/p><\/td><td><p><strong>Exemples d&rsquo;activit\u00e9s: <\/strong><\/p><p>R\u00e9diger un texte, r\u00e9soudre une situation-probl\u00e8me, lire et comprendre<\/p><\/td><\/tr><\/tbody><\/table><\/div>\n\t\t\t\t<\/div>\n\t\t\t\t\t\t\t\t<\/div>\n\t\t\t\t\t\t<\/div>\n\t\t\t\t<\/div>\n\t\t\t\t<div class=\"elementor-element elementor-element-43e6697 elementor-invisible elementor-widget elementor-widget-text-editor\" data-id=\"43e6697\" data-element_type=\"widget\" data-e-type=\"widget\" data-settings=\"{&quot;_animation&quot;:&quot;zoomIn&quot;}\" data-widget_type=\"text-editor.default\">\n\t\t\t\t<div class=\"elementor-widget-container\">\n\t\t\t\t\t\t\t\t\t<p><strong>Attention! Il ne s\u2019agit en aucun cas de r\u00e9aliser \u00e0 la maison ce qui peut \u00eatre conduit en classe, mais plut\u00f4t de vous donner une id\u00e9e des moments les plus propices pour r\u00e9aliser les exercices donn\u00e9s par l\u2019enseignant de votre enfant.<\/strong><\/p>\t\t\t\t\t\t\t\t<\/div>\n\t\t\t\t<\/div>\n\t\t\t\t<div class=\"elementor-element elementor-element-b20a150 elementor-widget elementor-widget-text-editor\" data-id=\"b20a150\" data-element_type=\"widget\" data-e-type=\"widget\" data-widget_type=\"text-editor.default\">\n\t\t\t\t<div class=\"elementor-widget-container\">\n\t\t\t\t\t\t\t\t\t<p>Ne vous mettez aucune pression et pensez aussi \u00e0 jouer avec eux (jeux de soci\u00e9t\u00e9 par exemple), discuter de la situation actuelle (ils ont besoin d\u2019\u00eatre rassur\u00e9), faire des exp\u00e9riences scientifiques, des exercices physiques ou de l\u2019art plastique ensemble\u2026<br class=\"autobr\" \/>Et surtout, <strong><span style=\"color: #000000;\">prenez soin de vous\u00a0!<\/span><\/strong><\/p>\t\t\t\t\t\t\t\t<\/div>\n\t\t\t\t<\/div>\n\t\t\t\t\t<\/div>\n\t\t<\/div>\n\t\t\t\t\t<\/div>\n\t\t<\/section>\n\t\t\t\t<section class=\"elementor-section elementor-top-section elementor-element elementor-element-babed3e elementor-section-boxed elementor-section-height-default elementor-section-height-default\" data-id=\"babed3e\" data-element_type=\"section\" data-e-type=\"section\">\n\t\t\t\t\t\t<div class=\"elementor-container elementor-column-gap-default\">\n\t\t\t\t\t<div class=\"elementor-column elementor-col-100 elementor-top-column elementor-element elementor-element-65560cd\" data-id=\"65560cd\" data-element_type=\"column\" data-e-type=\"column\">\n\t\t\t<div class=\"elementor-widget-wrap elementor-element-populated\">\n\t\t\t\t\t\t<div class=\"elementor-element elementor-element-81eff13 elementor-button-align-stretch elementor-widget elementor-widget-form\" data-id=\"81eff13\" data-element_type=\"widget\" data-e-type=\"widget\" data-settings=\"{&quot;step_next_label&quot;:&quot;Suivant&quot;,&quot;step_previous_label&quot;:&quot;Pr\\u00e9c\\u00e9dent&quot;,&quot;button_width&quot;:&quot;100&quot;,&quot;step_type&quot;:&quot;number_text&quot;,&quot;step_icon_shape&quot;:&quot;circle&quot;}\" data-widget_type=\"form.default\">\n\t\t\t\t<div class=\"elementor-widget-container\">\n\t\t\t\t\t\t\t<form class=\"elementor-form\" method=\"post\" name=\"Nouveau formulaire\" aria-label=\"Nouveau formulaire\">\n\t\t\t<input type=\"hidden\" name=\"post_id\" value=\"56\"\/>\n\t\t\t<input type=\"hidden\" name=\"form_id\" value=\"81eff13\"\/>\n\t\t\t<input type=\"hidden\" name=\"referer_title\" value=\"\" \/>\n\n\t\t\t\n\t\t\t<div class=\"elementor-form-fields-wrapper elementor-labels-above\">\n\t\t\t\t\t\t\t\t<div class=\"elementor-field-type-text elementor-field-group elementor-column elementor-field-group-name elementor-col-100\">\n\t\t\t\t\t\t\t\t\t\t\t\t<label for=\"form-field-name\" class=\"elementor-field-label\">\n\t\t\t\t\t\t\t\tNom\t\t\t\t\t\t\t<\/label>\n\t\t\t\t\t\t\t\t\t\t\t\t\t\t<input size=\"1\" type=\"text\" name=\"form_fields[name]\" id=\"form-field-name\" class=\"elementor-field elementor-size-sm  elementor-field-textual\" placeholder=\"Nom\">\n\t\t\t\t\t\t\t\t\t\t\t<\/div>\n\t\t\t\t\t\t\t\t<div class=\"elementor-field-type-email elementor-field-group elementor-column elementor-field-group-field_0905fde elementor-col-100\">\n\t\t\t\t\t\t\t\t\t\t\t\t<label for=\"form-field-field_0905fde\" class=\"elementor-field-label\">\n\t\t\t\t\t\t\t\tE-mail\t\t\t\t\t\t\t<\/label>\n\t\t\t\t\t\t\t\t\t\t\t\t\t\t<input size=\"1\" type=\"email\" name=\"form_fields[field_0905fde]\" id=\"form-field-field_0905fde\" class=\"elementor-field elementor-size-sm  elementor-field-textual\">\n\t\t\t\t\t\t\t\t\t\t\t<\/div>\n\t\t\t\t\t\t\t\t<div class=\"elementor-field-type-textarea elementor-field-group elementor-column elementor-field-group-message elementor-col-100\">\n\t\t\t\t\t\t\t\t\t\t\t\t<label for=\"form-field-message\" class=\"elementor-field-label\">\n\t\t\t\t\t\t\t\tCommentaires\t\t\t\t\t\t\t<\/label>\n\t\t\t\t\t\t<textarea class=\"elementor-field-textual elementor-field  elementor-size-sm\" name=\"form_fields[message]\" id=\"form-field-message\" rows=\"4\" placeholder=\"Message\"><\/textarea>\t\t\t\t<\/div>\n\t\t\t\t\t\t\t\t<div class=\"elementor-field-group elementor-column elementor-field-type-submit elementor-col-100 e-form__buttons\">\n\t\t\t\t\t<button class=\"elementor-button elementor-size-sm\" type=\"submit\">\n\t\t\t\t\t\t<span class=\"elementor-button-content-wrapper\">\n\t\t\t\t\t\t\t\t\t\t\t\t\t\t\t\t\t\t\t\t\t\t<span class=\"elementor-button-text\">Envoyer<\/span>\n\t\t\t\t\t\t\t\t\t\t\t\t\t<\/span>\n\t\t\t\t\t<\/button>\n\t\t\t\t<\/div>\n\t\t\t<\/div>\n\t\t<\/form>\n\t\t\t\t\t\t<\/div>\n\t\t\t\t<\/div>\n\t\t\t\t\t<\/div>\n\t\t<\/div>\n\t\t\t\t\t<\/div>\n\t\t<\/section>\n\t\t\t\t<\/div>\n\t\t","protected":false},"excerpt":{"rendered":"<p>Au cours de la journ\u00e9e et de la semaine, les capacit\u00e9s d&rsquo;attention des enfants ne sont pas constantes. L&#8217;emploi du temps pr\u00e9sent\u00e9 ci-dessous propose de prendre en compte ces fluctuations pour organiser une journ\u00e9e \u00e0 la maison. Avec cette proposition de fonctionnement, il s&rsquo;agit d&rsquo;\u00e9tablir un lien entre les contenus propos\u00e9s par les enseignants dans [&hellip;]<\/p>\n","protected":false},"author":5,"featured_media":0,"parent":0,"menu_order":0,"comment_status":"closed","ping_status":"closed","template":"","meta":{"footnotes":""},"class_list":["post-56","page","type-page","status-publish","hentry"],"_links":{"self":[{"href":"https:\/\/ecolelucamoura2.ddec.nc\/index.php\/wp-json\/wp\/v2\/pages\/56","targetHints":{"allow":["GET"]}}],"collection":[{"href":"https:\/\/ecolelucamoura2.ddec.nc\/index.php\/wp-json\/wp\/v2\/pages"}],"about":[{"href":"https:\/\/ecolelucamoura2.ddec.nc\/index.php\/wp-json\/wp\/v2\/types\/page"}],"author":[{"embeddable":true,"href":"https:\/\/ecolelucamoura2.ddec.nc\/index.php\/wp-json\/wp\/v2\/users\/5"}],"replies":[{"embeddable":true,"href":"https:\/\/ecolelucamoura2.ddec.nc\/index.php\/wp-json\/wp\/v2\/comments?post=56"}],"version-history":[{"count":73,"href":"https:\/\/ecolelucamoura2.ddec.nc\/index.php\/wp-json\/wp\/v2\/pages\/56\/revisions"}],"predecessor-version":[{"id":1314,"href":"https:\/\/ecolelucamoura2.ddec.nc\/index.php\/wp-json\/wp\/v2\/pages\/56\/revisions\/1314"}],"wp:attachment":[{"href":"https:\/\/ecolelucamoura2.ddec.nc\/index.php\/wp-json\/wp\/v2\/media?parent=56"}],"curies":[{"name":"wp","href":"https:\/\/api.w.org\/{rel}","templated":true}]}}