{"id":856,"date":"2021-03-11T13:50:29","date_gmt":"2021-03-11T12:50:29","guid":{"rendered":"https:\/\/ecolelucamoura2.ddec.nc\/?page_id=856"},"modified":"2024-06-26T08:47:10","modified_gmt":"2024-06-26T06:47:10","slug":"cycle-2","status":"publish","type":"page","link":"https:\/\/ecolelucamoura2.ddec.nc\/index.php\/cycle-2\/","title":{"rendered":"CYCLE 2"},"content":{"rendered":"\t\t<div data-elementor-type=\"wp-page\" data-elementor-id=\"856\" class=\"elementor elementor-856\" data-elementor-post-type=\"page\">\n\t\t\t\t\t\t<section class=\"elementor-section elementor-top-section elementor-element elementor-element-289d2c8 elementor-section-boxed elementor-section-height-default elementor-section-height-default\" data-id=\"289d2c8\" data-element_type=\"section\" data-e-type=\"section\">\n\t\t\t\t\t\t<div class=\"elementor-container elementor-column-gap-default\">\n\t\t\t\t\t<div class=\"elementor-column elementor-col-100 elementor-top-column elementor-element elementor-element-6142848\" data-id=\"6142848\" data-element_type=\"column\" data-e-type=\"column\">\n\t\t\t<div class=\"elementor-widget-wrap elementor-element-populated\">\n\t\t\t\t\t\t<div class=\"elementor-element elementor-element-bed5ff3 elementor-headline--style-highlight elementor-widget elementor-widget-animated-headline\" data-id=\"bed5ff3\" data-element_type=\"widget\" data-e-type=\"widget\" data-settings=\"{&quot;highlighted_text&quot;:&quot;Cp&quot;,&quot;headline_style&quot;:&quot;highlight&quot;,&quot;marker&quot;:&quot;circle&quot;,&quot;loop&quot;:&quot;yes&quot;,&quot;highlight_animation_duration&quot;:1200,&quot;highlight_iteration_delay&quot;:8000}\" data-widget_type=\"animated-headline.default\">\n\t\t\t\t<div class=\"elementor-widget-container\">\n\t\t\t\t\t\t\t<h3 class=\"elementor-headline\">\n\t\t\t\t<span class=\"elementor-headline-dynamic-wrapper elementor-headline-text-wrapper\">\n\t\t\t\t\t<span class=\"elementor-headline-dynamic-text elementor-headline-text-active\">Cp<\/span>\n\t\t\t\t<\/span>\n\t\t\t\t<\/h3>\n\t\t\t\t\t\t<\/div>\n\t\t\t\t<\/div>\n\t\t\t\t<div class=\"elementor-element elementor-element-3f7545f elementor-widget elementor-widget-text-editor\" data-id=\"3f7545f\" data-element_type=\"widget\" data-e-type=\"widget\" data-widget_type=\"text-editor.default\">\n\t\t\t\t<div class=\"elementor-widget-container\">\n\t\t\t\t\t\t\t\t\t<p>Apprendre tout en jouant!\u00a0<\/p><p><a href=\"https:\/\/www.logicieleducatif.fr\/jeux\/niveau\/cp\">Jeux du niveau CP &#8211; LogicielEducatif<\/a><\/p><p><a href=\"https:\/\/jeux.ieducatif.fr\/jeux-educatifs\/jeux-cp\/\">Jeux \u00e9ducatifs CP et exercices en ligne pour 6-7 ans (ieducatif.fr)<\/a><\/p><p><a href=\"https:\/\/educatifenfants.com\/\">Accueil &#8211; Jeux \u00e9ducatifs gratuits en ligne (educatifenfants.com)<\/a><\/p>\t\t\t\t\t\t\t\t<\/div>\n\t\t\t\t<\/div>\n\t\t\t\t<div class=\"elementor-element elementor-element-d5aa1fc elementor-invisible elementor-widget elementor-widget-heading\" data-id=\"d5aa1fc\" data-element_type=\"widget\" data-e-type=\"widget\" data-settings=\"{&quot;_animation&quot;:&quot;fadeInLeft&quot;}\" data-widget_type=\"heading.default\">\n\t\t\t\t<div class=\"elementor-widget-container\">\n\t\t\t\t\t<h2 class=\"elementor-heading-title elementor-size-default\">Mise \u00e0 jour!<\/h2>\t\t\t\t<\/div>\n\t\t\t\t<\/div>\n\t\t\t\t<div class=\"elementor-element elementor-element-884b731 elementor-widget elementor-widget-text-editor\" data-id=\"884b731\" data-element_type=\"widget\" data-e-type=\"widget\" data-widget_type=\"text-editor.default\">\n\t\t\t\t<div class=\"elementor-widget-container\">\n\t\t\t\t\t\t\t\t\t<p class=\"m_2766517278202940725MsoNoSpacing\">\u00a0 <b>Quelques conseils pour les r\u00e9visions.<u><\/u><u><\/u><\/b><\/p><p class=\"m_2766517278202940725MsoNoSpacing\"><b><u>Lecture<\/u>\u00a0:\u00a0<\/b>\u00a0\u00a0<b>10 \u00e0 15 min tous les jours<\/b> pour s\u2019entra\u00eener \u00e0 lire et relire les syllabes, les lettres, les mots et les phrases des phon\u00e8mes appris.<u><\/u><u><\/u><\/p><p class=\"m_2766517278202940725MsoNoSpacing\"><u><\/u>\u00a0\u00a0 \u00a0 \u00a0 \u00a0 \u00a0 \u00a0 \u00a0 \u00a0 \u00a0 \u00a0 \u00a0\u00a0<b>+<\/b>\u00a0 Revoir ou Apprendre chaque jour, un mot outil et s\u2019entra\u00eener \u00e0\u00a0<u><\/u><u><\/u>l\u2019<wbr \/>\u00e9crire en cursive au moins 10 fois sans erreur.<\/p><p class=\"m_2766517278202940725MsoNoSpacing\"><u><\/u><u><\/u><u><\/u>\u00a0<u>P.S<\/u>\u00a0\u00a0:\u00a0\u00a0 Vous pouvez aussi\u00a0:<\/p><p class=\"m_2766517278202940725MsoNoSpacing\">\u2192\u00a0 lui demander d\u2019\u00e9peler un mot appris. \u00a0 \u00a0 \u00a0 \u2192\u00a0 jouer au pendu (jeu consistant \u00e0 trouver un mot\u00a0 en devinant\u00a0<wbr \/>quelles sont les lettres qui le composent).<u><\/u><\/p><p class=\"m_2766517278202940725MsoNoSpacing\">\u00a0 \u00a0 \u00a0 \u00a0 \u00a0 \u00a0 \u00a0 \u00a0 \u00a0 +\u00a0 S\u2019entra\u00eener \u00e0 \u00e9crire les syllabes et des mots en \u00e9criture cursive.<\/p><p class=\"m_2766517278202940725MsoNoSpacing\"><b><u>\u00c9criture<\/u>\u00a0:\u00a0\u00a0<\/b>\u00c9crire une phrase en s\u2019aidant des mots appris.<\/p><p class=\"m_2766517278202940725MsoNoSpacing\"><u><\/u><b><u>Math\u00e9matiques<\/u>\u00a0:\u00a0\u00a0<\/b>S\u2019entra\u00eener \u00e0 r\u00e9citer la comptine num\u00e9rique\u00a0(sans erreur).<u><\/u><u><\/u><\/p><p class=\"m_2766517278202940725MsoNoSpacing\">Lire et \u00e9crire les nombres (de 0 \u00e0 30)<\/p>\t\t\t\t\t\t\t\t<\/div>\n\t\t\t\t<\/div>\n\t\t\t\t<div class=\"elementor-element elementor-element-7a8294a elementor-widget elementor-widget-text-editor\" data-id=\"7a8294a\" data-element_type=\"widget\" data-e-type=\"widget\" data-widget_type=\"text-editor.default\">\n\t\t\t\t<div class=\"elementor-widget-container\">\n\t\t\t\t\t\t\t\t\t<p style=\"text-align: center;\"><strong>Cliquez ci-dessous<\/strong><\/p>\t\t\t\t\t\t\t\t<\/div>\n\t\t\t\t<\/div>\n\t\t\t\t<div class=\"elementor-element elementor-element-b1ca8d0 elementor-view-default elementor-widget elementor-widget-icon\" data-id=\"b1ca8d0\" data-element_type=\"widget\" data-e-type=\"widget\" data-widget_type=\"icon.default\">\n\t\t\t\t<div class=\"elementor-widget-container\">\n\t\t\t\t\t\t\t<div class=\"elementor-icon-wrapper\">\n\t\t\t<a class=\"elementor-icon\" href=\"https:\/\/drive.google.com\/file\/d\/1PSacBZQ3kVvZtk_ZYfnY2yK5g9oHgOUv\/view?usp=drive_link\">\n\t\t\t<i aria-hidden=\"true\" class=\"far fa-file-pdf\"><\/i>\t\t\t<\/a>\n\t\t<\/div>\n\t\t\t\t\t\t<\/div>\n\t\t\t\t<\/div>\n\t\t\t\t<div class=\"elementor-element elementor-element-33520cf elementor-widget-divider--view-line_icon elementor-widget-divider--separator-type-pattern elementor-widget-divider--no-spacing elementor-view-default elementor-widget-divider--element-align-center elementor-widget elementor-widget-divider\" data-id=\"33520cf\" data-element_type=\"widget\" data-e-type=\"widget\" data-widget_type=\"divider.default\">\n\t\t\t\t<div class=\"elementor-widget-container\">\n\t\t\t\t\t\t\t<div class=\"elementor-divider\" style=\"--divider-pattern-url: url(&quot;data:image\/svg+xml,%3Csvg xmlns=&#039;http:\/\/www.w3.org\/2000\/svg&#039; preserveAspectRatio=&#039;xMidYMid meet&#039; overflow=&#039;visible&#039; height=&#039;100%&#039; viewBox=&#039;0 0 126 26&#039; fill=&#039;black&#039; stroke=&#039;none&#039;%3E%3Cpath d=&#039;M3,10.2c2.6,0,2.6,2,2.6,3.2S4.4,16.5,3,16.5s-3-1.4-3-3.2S0.4,10.2,3,10.2z M18.8,10.2c1.7,0,3.2,1.4,3.2,3.2s-1.4,3.2-3.2,3.2c-1.7,0-3.2-1.4-3.2-3.2S17,10.2,18.8,10.2z M34.6,10.2c1.5,0,2.6,1.4,2.6,3.2s-0.5,3.2-1.9,3.2c-1.5,0-3.4-1.4-3.4-3.2S33.1,10.2,34.6,10.2z M50.5,10.2c1.7,0,3.2,1.4,3.2,3.2s-1.4,3.2-3.2,3.2c-1.7,0-3.3-0.9-3.3-2.6S48.7,10.2,50.5,10.2z M66.2,10.2c1.5,0,3.4,1.4,3.4,3.2s-1.9,3.2-3.4,3.2c-1.5,0-2.6-0.4-2.6-2.1S64.8,10.2,66.2,10.2z M82.2,10.2c1.7,0.8,2.6,1.4,2.6,3.2s-0.1,3.2-1.6,3.2c-1.5,0-3.7-1.4-3.7-3.2S80.5,9.4,82.2,10.2zM98.6,10.2c1.5,0,2.6,0.4,2.6,2.1s-1.2,4.2-2.6,4.2c-1.5,0-3.7-0.4-3.7-2.1S97.1,10.2,98.6,10.2z M113.4,10.2c1.2,0,2.2,0.9,2.2,3.2s-0.1,3.2-1.3,3.2s-3.1-1.4-3.1-3.2S112.2,10.2,113.4,10.2z&#039;\/%3E%3C\/svg%3E&quot;);\">\n\t\t\t<span class=\"elementor-divider-separator\">\n\t\t\t\t\t\t\t<div class=\"elementor-icon elementor-divider__element\">\n\t\t\t\t\t<i aria-hidden=\"true\" class=\"fas fa-star\"><\/i><\/div>\n\t\t\t\t\t\t<\/span>\n\t\t<\/div>\n\t\t\t\t\t\t<\/div>\n\t\t\t\t<\/div>\n\t\t\t\t<div class=\"elementor-element elementor-element-3bd1420 elementor-headline--style-highlight elementor-widget elementor-widget-animated-headline\" data-id=\"3bd1420\" data-element_type=\"widget\" data-e-type=\"widget\" data-settings=\"{&quot;highlighted_text&quot;:&quot;Ce1&quot;,&quot;headline_style&quot;:&quot;highlight&quot;,&quot;marker&quot;:&quot;circle&quot;,&quot;loop&quot;:&quot;yes&quot;,&quot;highlight_animation_duration&quot;:1200,&quot;highlight_iteration_delay&quot;:8000}\" data-widget_type=\"animated-headline.default\">\n\t\t\t\t<div class=\"elementor-widget-container\">\n\t\t\t\t\t\t\t<h3 class=\"elementor-headline\">\n\t\t\t\t<span class=\"elementor-headline-dynamic-wrapper elementor-headline-text-wrapper\">\n\t\t\t\t\t<span class=\"elementor-headline-dynamic-text elementor-headline-text-active\">Ce1<\/span>\n\t\t\t\t<\/span>\n\t\t\t\t<\/h3>\n\t\t\t\t\t\t<\/div>\n\t\t\t\t<\/div>\n\t\t\t\t<div class=\"elementor-element elementor-element-f55b438 elementor-widget elementor-widget-text-editor\" data-id=\"f55b438\" data-element_type=\"widget\" data-e-type=\"widget\" data-widget_type=\"text-editor.default\">\n\t\t\t\t<div class=\"elementor-widget-container\">\n\t\t\t\t\t\t\t\t\t<p style=\"font-weight: 400;\">Coucou les enfants!<\/p><p style=\"font-weight: 400;\">Voici quelques activit\u00e9s de r\u00e9vision pour les \u00e9l\u00e8ves de CE1 B:<\/p><p style=\"font-weight: 400;\"><u>Lecture (PDF en annexes):<\/u><\/p><ul style=\"font-weight: 400;\"><li>Carte Borel-Maisonny<\/li><li>Fluence Niveau 1\u00a0<\/li><li>Fluence Niveau 2<\/li><\/ul><p style=\"font-weight: 400;\"><u>Ecriture (PDF en annexe):<\/u><\/p><ul style=\"font-weight: 400;\"><li>Dict\u00e9e de mots phon\u00e9tiques\u00a0<\/li><\/ul><p style=\"font-weight: 400;\"><strong>Liens num\u00e9riques<\/strong><\/p><p style=\"font-weight: 400;\"><u>Num\u00e9ration\u00a0:<\/u><\/p><ul style=\"font-weight: 400;\"><li><a href=\"https:\/\/www.logicieleducatif.fr\/jeu\/nombres-en-lettres\">Nombres en lettres<\/a><\/li><li><a href=\"https:\/\/www.logicieleducatif.fr\/jeu\/numeration-avec-les-cubes-et-les-picbilles\">Nombres en quantit\u00e9s<\/a><\/li><li><a href=\"https:\/\/www.logicieleducatif.fr\/jeu\/cubanombres-denombrer-quantite\">Quantit\u00e9s en nombres<\/a><\/li><\/ul><p style=\"font-weight: 400;\"><u>Enseignements artistiques\u00a0:<\/u><\/p><ul style=\"font-weight: 400;\"><li><a href=\"https:\/\/www.youtube.com\/watch?v=CdyJFq_mdiY\">Fabriquer des grosses fleurs en papier<\/a><\/li><\/ul><p><strong>Ma\u00eetresse M\u00e9lanie vous fait d&rsquo;\u00e9normes bisous!\u00a0<\/strong><\/p>\t\t\t\t\t\t\t\t<\/div>\n\t\t\t\t<\/div>\n\t\t\t\t<div class=\"elementor-element elementor-element-41ae864 elementor-widget elementor-widget-text-editor\" data-id=\"41ae864\" data-element_type=\"widget\" data-e-type=\"widget\" data-widget_type=\"text-editor.default\">\n\t\t\t\t<div class=\"elementor-widget-container\">\n\t\t\t\t\t\t\t\t\t<p><strong>Cliquez ci-dessous<\/strong><\/p>\t\t\t\t\t\t\t\t<\/div>\n\t\t\t\t<\/div>\n\t\t\t\t<div class=\"elementor-element elementor-element-3baeb1a elementor-view-default elementor-widget elementor-widget-icon\" data-id=\"3baeb1a\" data-element_type=\"widget\" data-e-type=\"widget\" data-widget_type=\"icon.default\">\n\t\t\t\t<div class=\"elementor-widget-container\">\n\t\t\t\t\t\t\t<div class=\"elementor-icon-wrapper\">\n\t\t\t<a class=\"elementor-icon\" href=\"https:\/\/drive.google.com\/file\/d\/1BiuPvTjGzDteHfbDXRTavF2bRej_Gkpu\/view?usp=drive_link\">\n\t\t\t<i aria-hidden=\"true\" class=\"far fa-file-pdf\"><\/i>\t\t\t<\/a>\n\t\t<\/div>\n\t\t\t\t\t\t<\/div>\n\t\t\t\t<\/div>\n\t\t\t\t<div class=\"elementor-element elementor-element-a2b8b68 elementor-widget-divider--view-line_icon elementor-widget-divider--separator-type-pattern elementor-widget-divider--no-spacing elementor-view-default elementor-widget-divider--element-align-center elementor-widget elementor-widget-divider\" data-id=\"a2b8b68\" data-element_type=\"widget\" data-e-type=\"widget\" data-widget_type=\"divider.default\">\n\t\t\t\t<div class=\"elementor-widget-container\">\n\t\t\t\t\t\t\t<div class=\"elementor-divider\" style=\"--divider-pattern-url: url(&quot;data:image\/svg+xml,%3Csvg xmlns=&#039;http:\/\/www.w3.org\/2000\/svg&#039; preserveAspectRatio=&#039;xMidYMid meet&#039; overflow=&#039;visible&#039; height=&#039;100%&#039; viewBox=&#039;0 0 126 26&#039; fill=&#039;black&#039; stroke=&#039;none&#039;%3E%3Cpath d=&#039;M3,10.2c2.6,0,2.6,2,2.6,3.2S4.4,16.5,3,16.5s-3-1.4-3-3.2S0.4,10.2,3,10.2z M18.8,10.2c1.7,0,3.2,1.4,3.2,3.2s-1.4,3.2-3.2,3.2c-1.7,0-3.2-1.4-3.2-3.2S17,10.2,18.8,10.2z M34.6,10.2c1.5,0,2.6,1.4,2.6,3.2s-0.5,3.2-1.9,3.2c-1.5,0-3.4-1.4-3.4-3.2S33.1,10.2,34.6,10.2z M50.5,10.2c1.7,0,3.2,1.4,3.2,3.2s-1.4,3.2-3.2,3.2c-1.7,0-3.3-0.9-3.3-2.6S48.7,10.2,50.5,10.2z M66.2,10.2c1.5,0,3.4,1.4,3.4,3.2s-1.9,3.2-3.4,3.2c-1.5,0-2.6-0.4-2.6-2.1S64.8,10.2,66.2,10.2z M82.2,10.2c1.7,0.8,2.6,1.4,2.6,3.2s-0.1,3.2-1.6,3.2c-1.5,0-3.7-1.4-3.7-3.2S80.5,9.4,82.2,10.2zM98.6,10.2c1.5,0,2.6,0.4,2.6,2.1s-1.2,4.2-2.6,4.2c-1.5,0-3.7-0.4-3.7-2.1S97.1,10.2,98.6,10.2z M113.4,10.2c1.2,0,2.2,0.9,2.2,3.2s-0.1,3.2-1.3,3.2s-3.1-1.4-3.1-3.2S112.2,10.2,113.4,10.2z&#039;\/%3E%3C\/svg%3E&quot;);\">\n\t\t\t<span class=\"elementor-divider-separator\">\n\t\t\t\t\t\t\t<div class=\"elementor-icon elementor-divider__element\">\n\t\t\t\t\t<i aria-hidden=\"true\" class=\"fas fa-star\"><\/i><\/div>\n\t\t\t\t\t\t<\/span>\n\t\t<\/div>\n\t\t\t\t\t\t<\/div>\n\t\t\t\t<\/div>\n\t\t\t\t<div class=\"elementor-element elementor-element-d1f22dc elementor-headline--style-highlight elementor-widget elementor-widget-animated-headline\" data-id=\"d1f22dc\" data-element_type=\"widget\" data-e-type=\"widget\" data-settings=\"{&quot;highlighted_text&quot;:&quot;Ce2&quot;,&quot;headline_style&quot;:&quot;highlight&quot;,&quot;marker&quot;:&quot;circle&quot;,&quot;loop&quot;:&quot;yes&quot;,&quot;highlight_animation_duration&quot;:1200,&quot;highlight_iteration_delay&quot;:8000}\" data-widget_type=\"animated-headline.default\">\n\t\t\t\t<div class=\"elementor-widget-container\">\n\t\t\t\t\t\t\t<h3 class=\"elementor-headline\">\n\t\t\t\t<span class=\"elementor-headline-dynamic-wrapper elementor-headline-text-wrapper\">\n\t\t\t\t\t<span class=\"elementor-headline-dynamic-text elementor-headline-text-active\">Ce2<\/span>\n\t\t\t\t<\/span>\n\t\t\t\t<\/h3>\n\t\t\t\t\t\t<\/div>\n\t\t\t\t<\/div>\n\t\t\t\t\t<\/div>\n\t\t<\/div>\n\t\t\t\t\t<\/div>\n\t\t<\/section>\n\t\t\t\t<section class=\"elementor-section elementor-top-section elementor-element elementor-element-71448db elementor-section-boxed elementor-section-height-default elementor-section-height-default\" data-id=\"71448db\" data-element_type=\"section\" data-e-type=\"section\">\n\t\t\t\t\t\t<div class=\"elementor-container elementor-column-gap-default\">\n\t\t\t\t\t<div class=\"elementor-column elementor-col-100 elementor-top-column elementor-element elementor-element-504b004\" data-id=\"504b004\" data-element_type=\"column\" data-e-type=\"column\">\n\t\t\t<div class=\"elementor-widget-wrap elementor-element-populated\">\n\t\t\t\t\t\t<div class=\"elementor-element elementor-element-67e4983 elementor-widget elementor-widget-text-editor\" data-id=\"67e4983\" data-element_type=\"widget\" data-e-type=\"widget\" data-widget_type=\"text-editor.default\">\n\t\t\t\t<div class=\"elementor-widget-container\">\n\t\t\t\t\t\t\t\t\t<p style=\"font-weight: 400;\">Bonjour les enfants!<\/p><p style=\"font-weight: 400;\">Nous vous proposons de revoir ce que nous avons travaill\u00e9 ensemble.<\/p><p style=\"font-weight: 400;\">Pour la lecture, vous pouvez relire les textes de votre cahier de lecture (en esp\u00e9rant que vous ne l&rsquo;avez pas oubli\u00e9 !). Papa et Maman peuvent vous faire les textes de fluence (1 mn \/ 5 fois) et m\u00eame le faire sous forme de \u00ab jeu \u00bb.<\/p><p>Nous avons \u00e9galement un petit dossier \u00e0 r\u00e9aliser dans la mesure du possible.\u00a0<\/p><p style=\"font-weight: 400;\">On pense fort \u00e0 vous et on vous fait d&rsquo;\u00e9normes bisous.<\/p><p style=\"font-weight: 400;\">Ma\u00eetresse Myriama et Ma\u00eetresse Solange.\u00a0<\/p>\t\t\t\t\t\t\t\t<\/div>\n\t\t\t\t<\/div>\n\t\t\t\t<div class=\"elementor-element elementor-element-9ad49aa elementor-invisible elementor-widget elementor-widget-heading\" data-id=\"9ad49aa\" data-element_type=\"widget\" data-e-type=\"widget\" data-settings=\"{&quot;_animation&quot;:&quot;fadeInLeft&quot;}\" data-widget_type=\"heading.default\">\n\t\t\t\t<div class=\"elementor-widget-container\">\n\t\t\t\t\t<h2 class=\"elementor-heading-title elementor-size-default\">Mise \u00e0 jour!<\/h2>\t\t\t\t<\/div>\n\t\t\t\t<\/div>\n\t\t\t\t<div class=\"elementor-element elementor-element-32e2a73 elementor-widget elementor-widget-text-editor\" data-id=\"32e2a73\" data-element_type=\"widget\" data-e-type=\"widget\" data-widget_type=\"text-editor.default\">\n\t\t\t\t<div class=\"elementor-widget-container\">\n\t\t\t\t\t\t\t\t\t<p style=\"text-align: center;\"><strong>Cliquez ci-dessous<\/strong><\/p>\t\t\t\t\t\t\t\t<\/div>\n\t\t\t\t<\/div>\n\t\t\t\t<section class=\"elementor-section elementor-inner-section elementor-element elementor-element-43e088b elementor-section-boxed elementor-section-height-default elementor-section-height-default\" data-id=\"43e088b\" data-element_type=\"section\" data-e-type=\"section\">\n\t\t\t\t\t\t<div class=\"elementor-container elementor-column-gap-default\">\n\t\t\t\t\t<div class=\"elementor-column elementor-col-100 elementor-inner-column elementor-element elementor-element-f7f0911\" data-id=\"f7f0911\" data-element_type=\"column\" data-e-type=\"column\">\n\t\t\t<div class=\"elementor-widget-wrap elementor-element-populated\">\n\t\t\t\t\t\t<div class=\"elementor-element elementor-element-7e5d820 elementor-view-default elementor-widget elementor-widget-icon\" data-id=\"7e5d820\" data-element_type=\"widget\" data-e-type=\"widget\" data-widget_type=\"icon.default\">\n\t\t\t\t<div class=\"elementor-widget-container\">\n\t\t\t\t\t\t\t<div class=\"elementor-icon-wrapper\">\n\t\t\t<a class=\"elementor-icon\" href=\"https:\/\/drive.google.com\/file\/d\/1QmTbEpM90DO1KIWsIhqeiwupS0Rw89rp\/view?usp=drive_link\">\n\t\t\t<i aria-hidden=\"true\" class=\"far fa-file-pdf\"><\/i>\t\t\t<\/a>\n\t\t<\/div>\n\t\t\t\t\t\t<\/div>\n\t\t\t\t<\/div>\n\t\t\t\t<div class=\"elementor-element elementor-element-5bd1d63 elementor-view-default elementor-widget elementor-widget-icon\" data-id=\"5bd1d63\" data-element_type=\"widget\" data-e-type=\"widget\" data-widget_type=\"icon.default\">\n\t\t\t\t<div class=\"elementor-widget-container\">\n\t\t\t\t\t\t\t<div class=\"elementor-icon-wrapper\">\n\t\t\t<a class=\"elementor-icon\" href=\"https:\/\/drive.google.com\/file\/d\/1PMOwFkLxGgvoehXE4WA8IU_5P6z29XGc\/view?usp=drive_link\">\n\t\t\t<i aria-hidden=\"true\" class=\"far fa-file-pdf\"><\/i>\t\t\t<\/a>\n\t\t<\/div>\n\t\t\t\t\t\t<\/div>\n\t\t\t\t<\/div>\n\t\t\t\t<div class=\"elementor-element elementor-element-074c324 elementor-view-default elementor-widget elementor-widget-icon\" data-id=\"074c324\" data-element_type=\"widget\" data-e-type=\"widget\" data-widget_type=\"icon.default\">\n\t\t\t\t<div class=\"elementor-widget-container\">\n\t\t\t\t\t\t\t<div class=\"elementor-icon-wrapper\">\n\t\t\t<a class=\"elementor-icon\" href=\"https:\/\/drive.google.com\/file\/d\/1R9FjVKX3MY-zAclhDluSWGFuHiz5ymKP\/view?usp=drive_link\">\n\t\t\t<i aria-hidden=\"true\" class=\"far fa-file-pdf\"><\/i>\t\t\t<\/a>\n\t\t<\/div>\n\t\t\t\t\t\t<\/div>\n\t\t\t\t<\/div>\n\t\t\t\t\t<\/div>\n\t\t<\/div>\n\t\t\t\t\t<\/div>\n\t\t<\/section>\n\t\t\t\t\t<\/div>\n\t\t<\/div>\n\t\t\t\t\t<\/div>\n\t\t<\/section>\n\t\t\t\t<\/div>\n\t\t","protected":false},"excerpt":{"rendered":"<p>Cp Apprendre tout en jouant!\u00a0 Jeux du niveau CP &#8211; LogicielEducatif Jeux \u00e9ducatifs CP et exercices en ligne pour 6-7 ans (ieducatif.fr) Accueil &#8211; Jeux \u00e9ducatifs gratuits en ligne (educatifenfants.com) Mise \u00e0 jour! \u00a0 Quelques conseils pour les r\u00e9visions. Lecture\u00a0:\u00a0\u00a0\u00a010 \u00e0 15 min tous les jours pour s\u2019entra\u00eener \u00e0 lire et relire les syllabes, les [&hellip;]<\/p>\n","protected":false},"author":5,"featured_media":1260,"parent":0,"menu_order":0,"comment_status":"closed","ping_status":"closed","template":"","meta":{"footnotes":""},"class_list":["post-856","page","type-page","status-publish","has-post-thumbnail","hentry"],"_links":{"self":[{"href":"https:\/\/ecolelucamoura2.ddec.nc\/index.php\/wp-json\/wp\/v2\/pages\/856","targetHints":{"allow":["GET"]}}],"collection":[{"href":"https:\/\/ecolelucamoura2.ddec.nc\/index.php\/wp-json\/wp\/v2\/pages"}],"about":[{"href":"https:\/\/ecolelucamoura2.ddec.nc\/index.php\/wp-json\/wp\/v2\/types\/page"}],"author":[{"embeddable":true,"href":"https:\/\/ecolelucamoura2.ddec.nc\/index.php\/wp-json\/wp\/v2\/users\/5"}],"replies":[{"embeddable":true,"href":"https:\/\/ecolelucamoura2.ddec.nc\/index.php\/wp-json\/wp\/v2\/comments?post=856"}],"version-history":[{"count":629,"href":"https:\/\/ecolelucamoura2.ddec.nc\/index.php\/wp-json\/wp\/v2\/pages\/856\/revisions"}],"predecessor-version":[{"id":6409,"href":"https:\/\/ecolelucamoura2.ddec.nc\/index.php\/wp-json\/wp\/v2\/pages\/856\/revisions\/6409"}],"wp:featuredmedia":[{"embeddable":true,"href":"https:\/\/ecolelucamoura2.ddec.nc\/index.php\/wp-json\/wp\/v2\/media\/1260"}],"wp:attachment":[{"href":"https:\/\/ecolelucamoura2.ddec.nc\/index.php\/wp-json\/wp\/v2\/media?parent=856"}],"curies":[{"name":"wp","href":"https:\/\/api.w.org\/{rel}","templated":true}]}}