{"id":91,"date":"2020-08-31T00:14:07","date_gmt":"2020-08-30T22:14:07","guid":{"rendered":"https:\/\/ecolelucamoura2.ddec.nc\/wp\/?page_id=91"},"modified":"2021-07-04T23:53:28","modified_gmt":"2021-07-04T21:53:28","slug":"histoire","status":"publish","type":"page","link":"https:\/\/ecolelucamoura2.ddec.nc\/index.php\/histoire\/","title":{"rendered":"Histoire"},"content":{"rendered":"\t\t<div data-elementor-type=\"wp-page\" data-elementor-id=\"91\" class=\"elementor elementor-91\" data-elementor-post-type=\"page\">\n\t\t\t\t\t\t<section class=\"elementor-section elementor-top-section elementor-element elementor-element-d973f99 elementor-section-boxed elementor-section-height-default elementor-section-height-default\" data-id=\"d973f99\" data-element_type=\"section\" data-e-type=\"section\">\n\t\t\t\t\t\t<div class=\"elementor-container elementor-column-gap-default\">\n\t\t\t\t\t<div class=\"elementor-column elementor-col-100 elementor-top-column elementor-element elementor-element-3e0f606\" data-id=\"3e0f606\" data-element_type=\"column\" data-e-type=\"column\">\n\t\t\t<div class=\"elementor-widget-wrap elementor-element-populated\">\n\t\t\t\t\t\t<div class=\"elementor-element elementor-element-63c16f0 elementor-widget elementor-widget-heading\" data-id=\"63c16f0\" data-element_type=\"widget\" data-e-type=\"widget\" data-widget_type=\"heading.default\">\n\t\t\t\t<div class=\"elementor-widget-container\">\n\t\t\t\t\t<h2 class=\"elementor-heading-title elementor-size-default\">Itin\u00e9raire d'un enfant de Borendi:\nEntre Croire, Esp\u00e9rer et Aimer.<\/h2>\t\t\t\t<\/div>\n\t\t\t\t<\/div>\n\t\t\t\t\t<\/div>\n\t\t<\/div>\n\t\t\t\t\t<\/div>\n\t\t<\/section>\n\t\t\t\t<section class=\"elementor-section elementor-top-section elementor-element elementor-element-1d2d3a8 elementor-section-boxed elementor-section-height-default elementor-section-height-default\" data-id=\"1d2d3a8\" data-element_type=\"section\" data-e-type=\"section\">\n\t\t\t\t\t\t<div class=\"elementor-container elementor-column-gap-default\">\n\t\t\t\t\t<div class=\"elementor-column elementor-col-100 elementor-top-column elementor-element elementor-element-6d877f9\" data-id=\"6d877f9\" data-element_type=\"column\" data-e-type=\"column\">\n\t\t\t<div class=\"elementor-widget-wrap elementor-element-populated\">\n\t\t\t\t\t\t<div class=\"elementor-element elementor-element-007c45a elementor-skin-carousel elementor-arrows-yes elementor-pagination-type-bullets elementor-pagination-position-outside elementor-widget elementor-widget-media-carousel\" data-id=\"007c45a\" data-element_type=\"widget\" data-e-type=\"widget\" data-settings=\"{&quot;skin&quot;:&quot;carousel&quot;,&quot;effect&quot;:&quot;slide&quot;,&quot;show_arrows&quot;:&quot;yes&quot;,&quot;pagination&quot;:&quot;bullets&quot;,&quot;speed&quot;:500,&quot;autoplay&quot;:&quot;yes&quot;,&quot;autoplay_speed&quot;:5000,&quot;loop&quot;:&quot;yes&quot;,&quot;pause_on_hover&quot;:&quot;yes&quot;,&quot;pause_on_interaction&quot;:&quot;yes&quot;,&quot;space_between&quot;:{&quot;unit&quot;:&quot;px&quot;,&quot;size&quot;:10,&quot;sizes&quot;:[]},&quot;space_between_tablet&quot;:{&quot;unit&quot;:&quot;px&quot;,&quot;size&quot;:10,&quot;sizes&quot;:[]},&quot;space_between_mobile&quot;:{&quot;unit&quot;:&quot;px&quot;,&quot;size&quot;:10,&quot;sizes&quot;:[]}}\" data-widget_type=\"media-carousel.default\">\n\t\t\t\t<div class=\"elementor-widget-container\">\n\t\t\t\t\t\t\t\t\t<div class=\"elementor-swiper\">\n\t\t\t\t\t<div class=\"elementor-main-swiper swiper\" role=\"region\" aria-roledescription=\"carousel\" aria-label=\"Diapositives\">\n\t\t\t\t<div class=\"swiper-wrapper\">\n\t\t\t\t\t\t\t\t\t\t\t<div class=\"swiper-slide\" role=\"group\" aria-roledescription=\"slide\">\n\t\t\t\t\t\t\t\t\t<div class=\"elementor-carousel-image\" role=\"img\" aria-label=\"portrait LUC AMOURA\" style=\"background-image: url(&#039;https:\/\/ecolelucamoura2.ddec.nc\/wp-content\/uploads\/2020\/08\/portrait-LUC-AMOURA-1.jpg&#039;)\">\n\n\t\t\t\n\t\t\t\t\t<\/div>\n\t\t\t\t\t\t\t\t<\/div>\n\t\t\t\t\t\t\t\t\t\t\t<div class=\"swiper-slide\" role=\"group\" aria-roledescription=\"slide\">\n\t\t\t\t\t\t\t\t\t<div class=\"elementor-carousel-image\" role=\"img\" aria-label=\"LUC AMOURA 3\" style=\"background-image: url(&#039;https:\/\/ecolelucamoura2.ddec.nc\/wp-content\/uploads\/2020\/08\/LUC-AMOURA-3-1.jpg&#039;)\">\n\n\t\t\t\n\t\t\t\t\t<\/div>\n\t\t\t\t\t\t\t\t<\/div>\n\t\t\t\t\t\t\t\t\t\t\t<div class=\"swiper-slide\" role=\"group\" aria-roledescription=\"slide\">\n\t\t\t\t\t\t\t\t\t<div class=\"elementor-carousel-image\" role=\"img\" aria-label=\"LUC AMOURA 2\" style=\"background-image: url(&#039;https:\/\/ecolelucamoura2.ddec.nc\/wp-content\/uploads\/2020\/08\/LUC-AMOURA-2-1.jpg&#039;)\">\n\n\t\t\t\n\t\t\t\t\t<\/div>\n\t\t\t\t\t\t\t\t<\/div>\n\t\t\t\t\t\t\t\t\t<\/div>\n\t\t\t\t\t\t\t\t\t\t\t\t\t\t\t<div class=\"elementor-swiper-button elementor-swiper-button-prev\" role=\"button\" tabindex=\"0\" aria-label=\"Pr\u00e9c\u00e9dent\">\n\t\t\t\t\t\t\t<i aria-hidden=\"true\" class=\"eicon-chevron-left\"><\/i>\t\t\t\t\t\t<\/div>\n\t\t\t\t\t\t<div class=\"elementor-swiper-button elementor-swiper-button-next\" role=\"button\" tabindex=\"0\" aria-label=\"Suivant\">\n\t\t\t\t\t\t\t<i aria-hidden=\"true\" class=\"eicon-chevron-right\"><\/i>\t\t\t\t\t\t<\/div>\n\t\t\t\t\t\t\t\t\t\t\t\t\t\t\t\t<div class=\"swiper-pagination\"><\/div>\n\t\t\t\t\t\t\t\t\t\t\t\t<\/div>\n\t\t\t\t<\/div>\n\t\t\t\t\t\t\t\t<\/div>\n\t\t\t\t<\/div>\n\t\t\t\t<div class=\"elementor-element elementor-element-166772f elementor-widget elementor-widget-text-editor\" data-id=\"166772f\" data-element_type=\"widget\" data-e-type=\"widget\" data-widget_type=\"text-editor.default\">\n\t\t\t\t<div class=\"elementor-widget-container\">\n\t\t\t\t\t\t\t\t\t<p>N\u00e9 en 1918 \u00e0 la tribu de Borendi \u00e0 Thio, Luc Amoura suivit ses \u00e9tudes d\u2019abord au s\u00e9minaire de Canala dirig\u00e9 par le p\u00e8re Luneau puis au s\u00e9minaire Saint L\u00e9on de Pa\u00efta. Luc Amoura est un des premiers pr\u00eatres m\u00e9lan\u00e9siens de Nouvelle-Cal\u00e9donie ordonn\u00e9s dans la cath\u00e9drale Saint Joseph de Noum\u00e9a en 1946. Ce fut l\u2019occasion d\u2019une grande f\u00eate. Nomm\u00e9 cur\u00e9 de la paroisse de Pa\u00efta, le P\u00e8re Luc Amoura enseigna au s\u00e9minaire Saint-L\u00e9on.<\/p><p>En 1967, l\u2019\u00e9cole mixte de la paroisse du Sacr\u00e9-Coeur fond\u00e9e en 1960 \u00ab\u00a0Notre Dame de l\u2019Esp\u00e9rance\u00a0\u00bb dont les effectifs ne cessent d\u2019augmenter, envoya ses classes de gar\u00e7on dans les locaux de Sainte Marie et de Saint L\u00e9on puis fut d\u00e9cid\u00e9e la construction d\u2019une nouvelle \u00e9cole qui permettrait ainsi de rassembler toutes les classes du primaire et les classes enfantines ouvertes elles en 1969.<\/p><p>Ce fut fait au cours de l\u2019ann\u00e9e de 1972 ainsi la rentr\u00e9e scolaire de 1973 se fit dans une \u00e9cole flambant neuve de seize divisions. Les ann\u00e9es 70 connurent \u00e9galement\u00a0un boom \u00e9conomique appel\u00e9 aussi boom du nickel et et les courbes d\u00e9mographiques allaient croissantes. Ainsi, en 1975 trois salles suppl\u00e9mentaires furent\u00a0<span style=\"letter-spacing: 0.4px;\">construites pr\u00e8s du foyer Saint L\u00e9on pour y accueillir les classes enfantines\u00a0dont les effectifs ne cessaient de cro\u00eetre. Ces trois classes compl\u00e8tement d\u00e9tach\u00e9es\u00a0g\u00e9ographiquement du primaire constituent la base de ce qui deviendra avec la\u00a0construction en 1979 de trois autres divisions\u00a0: l\u2019\u00e9cole maternelle Luc\u00a0Amoura.<\/span><\/p><p>D\u00e8s mars 1973, la nouvelle \u00e9cole portait le nom de Luc Amoura.<\/p><p><span style=\"font-family: var( --e-global-typography-text-font-family ), Sans-serif; font-weight: var( --e-global-typography-text-font-weight ); font-size: 1rem;\">Plus tard, la population s\u2019accro\u00eet \u00e0 Pa\u00efta et on d\u00e9cide en 2002 de cr\u00e9er une \u00e9cole maternelle et primaire au Mont Mou pour d\u00e9sengorger le flux des \u00e9l\u00e8ves. Ainsi, l\u2019\u00e9cole Luc Amoura Mont Mou voit le jour.<\/span>.<\/p>\t\t\t\t\t\t\t\t<\/div>\n\t\t\t\t<\/div>\n\t\t\t\t\t<\/div>\n\t\t<\/div>\n\t\t\t\t\t<\/div>\n\t\t<\/section>\n\t\t\t\t<section class=\"elementor-section elementor-top-section elementor-element elementor-element-4dc3fd9 elementor-section-boxed elementor-section-height-default elementor-section-height-default\" data-id=\"4dc3fd9\" data-element_type=\"section\" data-e-type=\"section\">\n\t\t\t\t\t\t<div class=\"elementor-container elementor-column-gap-default\">\n\t\t\t\t\t<div class=\"elementor-column elementor-col-100 elementor-top-column elementor-element elementor-element-20b2197\" data-id=\"20b2197\" data-element_type=\"column\" data-e-type=\"column\">\n\t\t\t<div class=\"elementor-widget-wrap elementor-element-populated\">\n\t\t\t\t\t\t<div class=\"elementor-element elementor-element-bc20f99 elementor-widget elementor-widget-heading\" data-id=\"bc20f99\" data-element_type=\"widget\" data-e-type=\"widget\" data-widget_type=\"heading.default\">\n\t\t\t\t<div class=\"elementor-widget-container\">\n\t\t\t\t\t<h2 class=\"elementor-heading-title elementor-size-default\">Focus sur notre \u00e9cole<\/h2>\t\t\t\t<\/div>\n\t\t\t\t<\/div>\n\t\t\t\t\t<\/div>\n\t\t<\/div>\n\t\t\t\t\t<\/div>\n\t\t<\/section>\n\t\t\t\t<section class=\"elementor-section elementor-top-section elementor-element elementor-element-96c0d01 elementor-section-boxed elementor-section-height-default elementor-section-height-default\" data-id=\"96c0d01\" data-element_type=\"section\" data-e-type=\"section\">\n\t\t\t\t\t\t<div class=\"elementor-container elementor-column-gap-default\">\n\t\t\t\t\t<div class=\"elementor-column elementor-col-100 elementor-top-column elementor-element elementor-element-0969884\" data-id=\"0969884\" data-element_type=\"column\" data-e-type=\"column\">\n\t\t\t<div class=\"elementor-widget-wrap elementor-element-populated\">\n\t\t\t\t\t\t<div class=\"elementor-element elementor-element-762d4dd elementor-widget elementor-widget-text-editor\" data-id=\"762d4dd\" data-element_type=\"widget\" data-e-type=\"widget\" data-widget_type=\"text-editor.default\">\n\t\t\t\t<div class=\"elementor-widget-container\">\n\t\t\t\t\t\t\t\t\t<p>En 1967, l\u2019\u00e9cole mixte de la paroisse du Sacr\u00e9-Coeur fond\u00e9e en 1960 \u00ab\u00a0Notre Dame de l\u2019Esp\u00e9rance\u00a0\u00bb dont les effectifs ne cessent d\u2019augmenter, envoya ses classes de gar\u00e7on dans les locaux de Sainte Marie et de Saint L\u00e9on puis fut d\u00e9cid\u00e9e la construction d\u2019une nouvelle \u00e9cole qui permettrait ainsi de rassembler toutes les classes du primaire et les classes enfantines ouvertes elles en 1969.<br class=\"autobr\" \/>Ce fut fait au cours de l\u2019ann\u00e9e de 1972 ainsi la rentr\u00e9e scolaire de 1973 se fit dans une \u00e9cole flambant neuve de seize divisions. Les ann\u00e9es 70 connurent \u00e9galement un boom \u00e9conomique appel\u00e9 aussi boom du nickel et et les courbes d\u00e9mographiques allaient croissantes. Ainsi, en 1975 trois salles suppl\u00e9mentaires furent construites pr\u00e8s du foyer Saint L\u00e9on pour y accueillir les classes enfantines dont les effectifs ne cessaient de cro\u00eetre. Ces trois classes compl\u00e8tement d\u00e9tach\u00e9es g\u00e9ographiquement du primaire constituent la base de ce qui deviendra avec la construction en 1979 de trois autres divisions\u00a0: l\u2019\u00e9cole maternelle Luc Amoura.<br class=\"autobr\" \/>D\u00e8s mars 1973, la nouvelle \u00e9cole portait le nom de Luc Amoura.<br class=\"autobr\" \/>Plus tard, la population s\u2019accro\u00eet \u00e0 Pa\u00efta et on d\u00e9cide en 2002 de cr\u00e9er une \u00e9cole maternelle et primaire au Mont Mou pour d\u00e9sengorger le flux des \u00e9l\u00e8ves. Ainsi, l\u2019\u00e9cole Luc Amoura Mont Mou voit le jour.<\/p>\t\t\t\t\t\t\t\t<\/div>\n\t\t\t\t<\/div>\n\t\t\t\t\t<\/div>\n\t\t<\/div>\n\t\t\t\t\t<\/div>\n\t\t<\/section>\n\t\t\t\t<section class=\"elementor-section elementor-top-section elementor-element elementor-element-dd1cf96 elementor-section-boxed elementor-section-height-default elementor-section-height-default\" data-id=\"dd1cf96\" data-element_type=\"section\" data-e-type=\"section\">\n\t\t\t\t\t\t<div class=\"elementor-container elementor-column-gap-default\">\n\t\t\t\t\t<div class=\"elementor-column elementor-col-100 elementor-top-column elementor-element elementor-element-f3c2bd9\" data-id=\"f3c2bd9\" data-element_type=\"column\" data-e-type=\"column\">\n\t\t\t<div class=\"elementor-widget-wrap elementor-element-populated\">\n\t\t\t\t\t\t<div class=\"elementor-element elementor-element-755628b elementor-widget elementor-widget-google_maps\" data-id=\"755628b\" data-element_type=\"widget\" data-e-type=\"widget\" data-widget_type=\"google_maps.default\">\n\t\t\t\t<div class=\"elementor-widget-container\">\n\t\t\t\t\t\t\t<div class=\"elementor-custom-embed\">\n\t\t\t<iframe loading=\"lazy\"\n\t\t\t\t\tsrc=\"https:\/\/maps.google.com\/maps?q=Ecole%20Luc%20Amoura%202&#038;t=m&#038;z=17&#038;output=embed&#038;iwloc=near\"\n\t\t\t\t\ttitle=\"Ecole Luc Amoura 2\"\n\t\t\t\t\taria-label=\"Ecole Luc Amoura 2\"\n\t\t\t><\/iframe>\n\t\t<\/div>\n\t\t\t\t\t\t<\/div>\n\t\t\t\t<\/div>\n\t\t\t\t\t<\/div>\n\t\t<\/div>\n\t\t\t\t\t<\/div>\n\t\t<\/section>\n\t\t\t\t<\/div>\n\t\t","protected":false},"excerpt":{"rendered":"<p>Itin\u00e9raire d&rsquo;un enfant de Borendi: Entre Croire, Esp\u00e9rer et Aimer. Pr\u00e9c\u00e9dent Suivant N\u00e9 en 1918 \u00e0 la tribu de Borendi \u00e0 Thio, Luc Amoura suivit ses \u00e9tudes d\u2019abord au s\u00e9minaire de Canala dirig\u00e9 par le p\u00e8re Luneau puis au s\u00e9minaire Saint L\u00e9on de Pa\u00efta. Luc Amoura est un des premiers pr\u00eatres m\u00e9lan\u00e9siens de Nouvelle-Cal\u00e9donie ordonn\u00e9s [&hellip;]<\/p>\n","protected":false},"author":5,"featured_media":0,"parent":0,"menu_order":0,"comment_status":"closed","ping_status":"closed","template":"","meta":{"footnotes":""},"class_list":["post-91","page","type-page","status-publish","hentry"],"_links":{"self":[{"href":"https:\/\/ecolelucamoura2.ddec.nc\/index.php\/wp-json\/wp\/v2\/pages\/91","targetHints":{"allow":["GET"]}}],"collection":[{"href":"https:\/\/ecolelucamoura2.ddec.nc\/index.php\/wp-json\/wp\/v2\/pages"}],"about":[{"href":"https:\/\/ecolelucamoura2.ddec.nc\/index.php\/wp-json\/wp\/v2\/types\/page"}],"author":[{"embeddable":true,"href":"https:\/\/ecolelucamoura2.ddec.nc\/index.php\/wp-json\/wp\/v2\/users\/5"}],"replies":[{"embeddable":true,"href":"https:\/\/ecolelucamoura2.ddec.nc\/index.php\/wp-json\/wp\/v2\/comments?post=91"}],"version-history":[{"count":79,"href":"https:\/\/ecolelucamoura2.ddec.nc\/index.php\/wp-json\/wp\/v2\/pages\/91\/revisions"}],"predecessor-version":[{"id":2664,"href":"https:\/\/ecolelucamoura2.ddec.nc\/index.php\/wp-json\/wp\/v2\/pages\/91\/revisions\/2664"}],"wp:attachment":[{"href":"https:\/\/ecolelucamoura2.ddec.nc\/index.php\/wp-json\/wp\/v2\/media?parent=91"}],"curies":[{"name":"wp","href":"https:\/\/api.w.org\/{rel}","templated":true}]}}